{"id":2131,"date":"2024-01-30T13:42:55","date_gmt":"2024-01-30T12:42:55","guid":{"rendered":"https:\/\/qualitycaviar.se\/marbella\/"},"modified":"2024-02-20T12:08:21","modified_gmt":"2024-02-20T11:08:21","slug":"marbella","status":"publish","type":"page","link":"https:\/\/qualitycaviar.se\/en\/marbella\/","title":{"rendered":"Experience Villa Abisko in Marbella with Quality Caviar Stockholm"},"content":{"rendered":"","protected":false},"excerpt":{"rendered":"","protected":false},"author":12,"featured_media":0,"parent":0,"menu_order":0,"comment_status":"closed","ping_status":"closed","template":"","meta":{"_acf_changed":false,"footnotes":""},"class_list":["post-2131","page","type-page","status-publish","hentry"],"acf":[],"yoast_head":"<!-- This site is optimized with the Yoast SEO plugin v25.3 - https:\/\/yoast.com\/wordpress\/plugins\/seo\/ -->\n<title>Treat yourself to a unique retreat in Marbella - Quality Caviar<\/title>\n<meta name=\"description\" content=\"Quality Caviar Stockholm in Marbella. Experience luxury and gastronomy on the Spanish Costa del Sol. An oasis for those seeking the extra.\" \/>\n<meta name=\"robots\" content=\"index, follow, max-snippet:-1, max-image-preview:large, max-video-preview:-1\" \/>\n<link rel=\"canonical\" href=\"https:\/\/qualitycaviar.se\/en\/marbella\/\" \/>\n<meta property=\"og:locale\" content=\"en_US\" \/>\n<meta property=\"og:type\" content=\"article\" \/>\n<meta property=\"og:title\" content=\"Treat yourself to a unique retreat in Marbella - Quality Caviar\" \/>\n<meta property=\"og:description\" content=\"Quality Caviar Stockholm in Marbella. Experience luxury and gastronomy on the Spanish Costa del Sol. An oasis for those seeking the extra.\" \/>\n<meta property=\"og:url\" content=\"https:\/\/qualitycaviar.se\/en\/marbella\/\" \/>\n<meta property=\"og:site_name\" content=\"Quality Caviar Stockholm\" \/>\n<meta property=\"article:publisher\" content=\"https:\/\/www.facebook.com\/Qualitycaviar\" \/>\n<meta property=\"article:modified_time\" content=\"2024-02-20T11:08:21+00:00\" \/>\n<meta property=\"og:image\" content=\"https:\/\/qualitycaviar.se\/wp-content\/uploads\/2022\/11\/share-image-quality-caviar.jpg\" \/>\n\t<meta property=\"og:image:width\" content=\"1200\" \/>\n\t<meta property=\"og:image:height\" content=\"628\" \/>\n\t<meta property=\"og:image:type\" content=\"image\/jpeg\" \/>\n<meta name=\"twitter:card\" content=\"summary_large_image\" \/>\n<script type=\"application\/ld+json\" class=\"yoast-schema-graph\">{\"@context\":\"https:\/\/schema.org\",\"@graph\":[{\"@type\":\"WebPage\",\"@id\":\"https:\/\/qualitycaviar.se\/en\/marbella\/\",\"url\":\"https:\/\/qualitycaviar.se\/en\/marbella\/\",\"name\":\"Treat yourself to a unique retreat in Marbella - Quality Caviar\",\"isPartOf\":{\"@id\":\"https:\/\/qualitycaviar.se\/en\/#website\"},\"datePublished\":\"2024-01-30T12:42:55+00:00\",\"dateModified\":\"2024-02-20T11:08:21+00:00\",\"description\":\"Quality Caviar Stockholm in Marbella. Experience luxury and gastronomy on the Spanish Costa del Sol. An oasis for those seeking the extra.\",\"breadcrumb\":{\"@id\":\"https:\/\/qualitycaviar.se\/en\/marbella\/#breadcrumb\"},\"inLanguage\":\"en-US\",\"potentialAction\":[{\"@type\":\"ReadAction\",\"target\":[\"https:\/\/qualitycaviar.se\/en\/marbella\/\"]}]},{\"@type\":\"BreadcrumbList\",\"@id\":\"https:\/\/qualitycaviar.se\/en\/marbella\/#breadcrumb\",\"itemListElement\":[{\"@type\":\"ListItem\",\"position\":1,\"name\":\"Home\",\"item\":\"https:\/\/qualitycaviar.se\/en\/\"},{\"@type\":\"ListItem\",\"position\":2,\"name\":\"Experience Villa Abisko in Marbella with Quality Caviar Stockholm\"}]},{\"@type\":\"WebSite\",\"@id\":\"https:\/\/qualitycaviar.se\/en\/#website\",\"url\":\"https:\/\/qualitycaviar.se\/en\/\",\"name\":\"Quality Caviar Stockholm\",\"description\":\"F\u00f6rs\u00e4ljning av exklusiv caviar och l\u00f6jrom\",\"publisher\":{\"@id\":\"https:\/\/qualitycaviar.se\/en\/#organization\"},\"potentialAction\":[{\"@type\":\"SearchAction\",\"target\":{\"@type\":\"EntryPoint\",\"urlTemplate\":\"https:\/\/qualitycaviar.se\/en\/?s={search_term_string}\"},\"query-input\":{\"@type\":\"PropertyValueSpecification\",\"valueRequired\":true,\"valueName\":\"search_term_string\"}}],\"inLanguage\":\"en-US\"},{\"@type\":\"Organization\",\"@id\":\"https:\/\/qualitycaviar.se\/en\/#organization\",\"name\":\"Quality Caviar Stockholm\",\"url\":\"https:\/\/qualitycaviar.se\/en\/\",\"logo\":{\"@type\":\"ImageObject\",\"inLanguage\":\"en-US\",\"@id\":\"https:\/\/qualitycaviar.se\/en\/#\/schema\/logo\/image\/\",\"url\":\"https:\/\/qualitycaviar.se\/wp-content\/uploads\/2022\/11\/share-image-quality-caviar.jpg\",\"contentUrl\":\"https:\/\/qualitycaviar.se\/wp-content\/uploads\/2022\/11\/share-image-quality-caviar.jpg\",\"width\":1200,\"height\":628,\"caption\":\"Quality Caviar Stockholm\"},\"image\":{\"@id\":\"https:\/\/qualitycaviar.se\/en\/#\/schema\/logo\/image\/\"},\"sameAs\":[\"https:\/\/www.facebook.com\/Qualitycaviar\",\"https:\/\/www.instagram.com\/qualitycaviar\/\",\"https:\/\/www.youtube.com\/channel\/UCHVx2eVxrDBJctB-8Ph782A\"]}]}<\/script>\n<!-- \/ Yoast SEO plugin. -->","yoast_head_json":{"title":"Treat yourself to a unique retreat in Marbella - Quality Caviar","description":"Quality Caviar Stockholm in Marbella. Experience luxury and gastronomy on the Spanish Costa del Sol. An oasis for those seeking the extra.","robots":{"index":"index","follow":"follow","max-snippet":"max-snippet:-1","max-image-preview":"max-image-preview:large","max-video-preview":"max-video-preview:-1"},"canonical":"https:\/\/qualitycaviar.se\/en\/marbella\/","og_locale":"en_US","og_type":"article","og_title":"Treat yourself to a unique retreat in Marbella - Quality Caviar","og_description":"Quality Caviar Stockholm in Marbella. Experience luxury and gastronomy on the Spanish Costa del Sol. An oasis for those seeking the extra.","og_url":"https:\/\/qualitycaviar.se\/en\/marbella\/","og_site_name":"Quality Caviar Stockholm","article_publisher":"https:\/\/www.facebook.com\/Qualitycaviar","article_modified_time":"2024-02-20T11:08:21+00:00","og_image":[{"width":1200,"height":628,"url":"https:\/\/qualitycaviar.se\/wp-content\/uploads\/2022\/11\/share-image-quality-caviar.jpg","type":"image\/jpeg"}],"twitter_card":"summary_large_image","schema":{"@context":"https:\/\/schema.org","@graph":[{"@type":"WebPage","@id":"https:\/\/qualitycaviar.se\/en\/marbella\/","url":"https:\/\/qualitycaviar.se\/en\/marbella\/","name":"Treat yourself to a unique retreat in Marbella - Quality Caviar","isPartOf":{"@id":"https:\/\/qualitycaviar.se\/en\/#website"},"datePublished":"2024-01-30T12:42:55+00:00","dateModified":"2024-02-20T11:08:21+00:00","description":"Quality Caviar Stockholm in Marbella. Experience luxury and gastronomy on the Spanish Costa del Sol. An oasis for those seeking the extra.","breadcrumb":{"@id":"https:\/\/qualitycaviar.se\/en\/marbella\/#breadcrumb"},"inLanguage":"en-US","potentialAction":[{"@type":"ReadAction","target":["https:\/\/qualitycaviar.se\/en\/marbella\/"]}]},{"@type":"BreadcrumbList","@id":"https:\/\/qualitycaviar.se\/en\/marbella\/#breadcrumb","itemListElement":[{"@type":"ListItem","position":1,"name":"Home","item":"https:\/\/qualitycaviar.se\/en\/"},{"@type":"ListItem","position":2,"name":"Experience Villa Abisko in Marbella with Quality Caviar Stockholm"}]},{"@type":"WebSite","@id":"https:\/\/qualitycaviar.se\/en\/#website","url":"https:\/\/qualitycaviar.se\/en\/","name":"Quality Caviar Stockholm","description":"F\u00f6rs\u00e4ljning av exklusiv caviar och l\u00f6jrom","publisher":{"@id":"https:\/\/qualitycaviar.se\/en\/#organization"},"potentialAction":[{"@type":"SearchAction","target":{"@type":"EntryPoint","urlTemplate":"https:\/\/qualitycaviar.se\/en\/?s={search_term_string}"},"query-input":{"@type":"PropertyValueSpecification","valueRequired":true,"valueName":"search_term_string"}}],"inLanguage":"en-US"},{"@type":"Organization","@id":"https:\/\/qualitycaviar.se\/en\/#organization","name":"Quality Caviar Stockholm","url":"https:\/\/qualitycaviar.se\/en\/","logo":{"@type":"ImageObject","inLanguage":"en-US","@id":"https:\/\/qualitycaviar.se\/en\/#\/schema\/logo\/image\/","url":"https:\/\/qualitycaviar.se\/wp-content\/uploads\/2022\/11\/share-image-quality-caviar.jpg","contentUrl":"https:\/\/qualitycaviar.se\/wp-content\/uploads\/2022\/11\/share-image-quality-caviar.jpg","width":1200,"height":628,"caption":"Quality Caviar Stockholm"},"image":{"@id":"https:\/\/qualitycaviar.se\/en\/#\/schema\/logo\/image\/"},"sameAs":["https:\/\/www.facebook.com\/Qualitycaviar","https:\/\/www.instagram.com\/qualitycaviar\/","https:\/\/www.youtube.com\/channel\/UCHVx2eVxrDBJctB-8Ph782A"]}]}},"_links":{"self":[{"href":"https:\/\/qualitycaviar.se\/en\/wp-json\/wp\/v2\/pages\/2131","targetHints":{"allow":["GET"]}}],"collection":[{"href":"https:\/\/qualitycaviar.se\/en\/wp-json\/wp\/v2\/pages"}],"about":[{"href":"https:\/\/qualitycaviar.se\/en\/wp-json\/wp\/v2\/types\/page"}],"author":[{"embeddable":true,"href":"https:\/\/qualitycaviar.se\/en\/wp-json\/wp\/v2\/users\/12"}],"replies":[{"embeddable":true,"href":"https:\/\/qualitycaviar.se\/en\/wp-json\/wp\/v2\/comments?post=2131"}],"version-history":[{"count":3,"href":"https:\/\/qualitycaviar.se\/en\/wp-json\/wp\/v2\/pages\/2131\/revisions"}],"predecessor-version":[{"id":2134,"href":"https:\/\/qualitycaviar.se\/en\/wp-json\/wp\/v2\/pages\/2131\/revisions\/2134"}],"wp:attachment":[{"href":"https:\/\/qualitycaviar.se\/en\/wp-json\/wp\/v2\/media?parent=2131"}],"curies":[{"name":"wp","href":"https:\/\/api.w.org\/{rel}","templated":true}]}}