{"id":2323,"date":"2024-03-29T10:28:38","date_gmt":"2024-03-29T09:28:38","guid":{"rendered":"https:\/\/qualitycaviar.se\/?post_type=product&#038;p=2323"},"modified":"2026-04-29T17:30:25","modified_gmt":"2026-04-29T15:30:25","slug":"baerii-imperial","status":"publish","type":"product","link":"https:\/\/qualitycaviar.se\/en\/produkt\/baerii-imperial\/","title":{"rendered":"BAERII IMEPERIAL **"},"content":{"rendered":"","protected":false},"excerpt":{"rendered":"<p>Utforska en kunglig smakupplevelse med Quality Caviar Stockholms Baerii Imperial Kaviar, noggrant selekterad f\u00f6r att garantera en enast\u00e5ende kvalitet. Denna exklusiva kaviar kommer fr\u00e5n st\u00f6rar som \u00e4r mellan 12-18 \u00e5r gamla, vilket resulterar i en omissk\u00e4nnlig smakprofil av o\u00f6vertr\u00e4ffad rikedom och djup.<\/p>\n<p>Smakprofilen \u00e4r karakteristiskt mild och kr\u00e4mig, med subtila toner av n\u00f6tighet och en l\u00e4tt s\u00e4lta som balanseras perfekt. Upplev en kaviar av \u00f6verl\u00e4gsen kvalitet och omsorgsfullt utvald f\u00f6r att tillfredsst\u00e4lla \u00e4ven de mest kr\u00e4sna gourmanderna.<\/p>\n","protected":false},"featured_media":2978,"comment_status":"closed","ping_status":"closed","template":"","meta":{"_acf_changed":false},"product_brand":[],"product_cat":[59],"product_tag":[],"class_list":{"0":"post-2323","1":"product","2":"type-product","3":"status-publish","4":"has-post-thumbnail","6":"product_cat-caviar","8":"first","9":"instock","10":"taxable","11":"shipping-taxable","12":"purchasable","13":"product-type-variable"},"acf":[],"yoast_head":"<!-- This site is optimized with the Yoast SEO plugin v25.3 - https:\/\/yoast.com\/wordpress\/plugins\/seo\/ -->\n<title>BAERII IMEPERIAL ** - Quality Caviar Stockholm<\/title>\n<meta name=\"description\" content=\"Utforska en v\u00e4rld av lyx och f\u00f6rfining med Baerii kaviar \u2013 en delikatess som erbjuder en unik smakupplevelse. L\u00e4r dig mer om denna exklusiva gourmetprodukt.\" \/>\n<meta name=\"robots\" content=\"index, follow, max-snippet:-1, max-image-preview:large, max-video-preview:-1\" \/>\n<link rel=\"canonical\" href=\"https:\/\/qualitycaviar.se\/en\/produkt\/baerii-imperial\/\" \/>\n<meta property=\"og:locale\" content=\"en_US\" \/>\n<meta property=\"og:type\" content=\"article\" \/>\n<meta property=\"og:title\" content=\"BAERII IMEPERIAL ** - Quality Caviar Stockholm\" \/>\n<meta property=\"og:description\" content=\"Utforska en v\u00e4rld av lyx och f\u00f6rfining med Baerii kaviar \u2013 en delikatess som erbjuder en unik smakupplevelse. L\u00e4r dig mer om denna exklusiva gourmetprodukt.\" \/>\n<meta property=\"og:url\" content=\"https:\/\/qualitycaviar.se\/en\/produkt\/baerii-imperial\/\" \/>\n<meta property=\"og:site_name\" content=\"Quality Caviar Stockholm\" \/>\n<meta property=\"article:publisher\" content=\"https:\/\/www.facebook.com\/Qualitycaviar\" \/>\n<meta property=\"article:modified_time\" content=\"2026-04-29T15:30:25+00:00\" \/>\n<meta property=\"og:image\" content=\"https:\/\/qualitycaviar.se\/wp-content\/uploads\/2024\/03\/img-baerii-1.webp\" \/>\n\t<meta property=\"og:image:width\" content=\"400\" \/>\n\t<meta property=\"og:image:height\" content=\"400\" \/>\n\t<meta property=\"og:image:type\" content=\"image\/webp\" \/>\n<meta name=\"twitter:card\" content=\"summary_large_image\" \/>\n<meta name=\"twitter:label1\" content=\"Est. reading time\" \/>\n\t<meta name=\"twitter:data1\" content=\"2 minutes\" \/>\n<script type=\"application\/ld+json\" class=\"yoast-schema-graph\">{\"@context\":\"https:\/\/schema.org\",\"@graph\":[{\"@type\":\"WebPage\",\"@id\":\"https:\/\/qualitycaviar.se\/en\/produkt\/baerii-imperial\/\",\"url\":\"https:\/\/qualitycaviar.se\/en\/produkt\/baerii-imperial\/\",\"name\":\"BAERII IMEPERIAL ** - Quality Caviar Stockholm\",\"isPartOf\":{\"@id\":\"https:\/\/qualitycaviar.se\/en\/#website\"},\"primaryImageOfPage\":{\"@id\":\"https:\/\/qualitycaviar.se\/en\/produkt\/baerii-imperial\/#primaryimage\"},\"image\":{\"@id\":\"https:\/\/qualitycaviar.se\/en\/produkt\/baerii-imperial\/#primaryimage\"},\"thumbnailUrl\":\"https:\/\/qualitycaviar.se\/wp-content\/uploads\/2024\/03\/img-baerii-1.webp\",\"datePublished\":\"2024-03-29T09:28:38+00:00\",\"dateModified\":\"2026-04-29T15:30:25+00:00\",\"description\":\"Utforska en v\u00e4rld av lyx och f\u00f6rfining med Baerii kaviar \u2013 en delikatess som erbjuder en unik smakupplevelse. L\u00e4r dig mer om denna exklusiva gourmetprodukt.\",\"breadcrumb\":{\"@id\":\"https:\/\/qualitycaviar.se\/en\/produkt\/baerii-imperial\/#breadcrumb\"},\"inLanguage\":\"en-US\",\"potentialAction\":[{\"@type\":\"ReadAction\",\"target\":[\"https:\/\/qualitycaviar.se\/en\/produkt\/baerii-imperial\/\"]}]},{\"@type\":\"ImageObject\",\"inLanguage\":\"en-US\",\"@id\":\"https:\/\/qualitycaviar.se\/en\/produkt\/baerii-imperial\/#primaryimage\",\"url\":\"https:\/\/qualitycaviar.se\/wp-content\/uploads\/2024\/03\/img-baerii-1.webp\",\"contentUrl\":\"https:\/\/qualitycaviar.se\/wp-content\/uploads\/2024\/03\/img-baerii-1.webp\",\"width\":400,\"height\":400},{\"@type\":\"BreadcrumbList\",\"@id\":\"https:\/\/qualitycaviar.se\/en\/produkt\/baerii-imperial\/#breadcrumb\",\"itemListElement\":[{\"@type\":\"ListItem\",\"position\":1,\"name\":\"Home\",\"item\":\"https:\/\/qualitycaviar.se\/en\/\"},{\"@type\":\"ListItem\",\"position\":2,\"name\":\"Butik\",\"item\":\"https:\/\/qualitycaviar.se\/butik\/\"},{\"@type\":\"ListItem\",\"position\":3,\"name\":\"BAERII IMEPERIAL **\"}]},{\"@type\":\"WebSite\",\"@id\":\"https:\/\/qualitycaviar.se\/en\/#website\",\"url\":\"https:\/\/qualitycaviar.se\/en\/\",\"name\":\"Quality Caviar Stockholm\",\"description\":\"F\u00f6rs\u00e4ljning av exklusiv caviar och l\u00f6jrom\",\"publisher\":{\"@id\":\"https:\/\/qualitycaviar.se\/en\/#organization\"},\"potentialAction\":[{\"@type\":\"SearchAction\",\"target\":{\"@type\":\"EntryPoint\",\"urlTemplate\":\"https:\/\/qualitycaviar.se\/en\/?s={search_term_string}\"},\"query-input\":{\"@type\":\"PropertyValueSpecification\",\"valueRequired\":true,\"valueName\":\"search_term_string\"}}],\"inLanguage\":\"en-US\"},{\"@type\":\"Organization\",\"@id\":\"https:\/\/qualitycaviar.se\/en\/#organization\",\"name\":\"Quality Caviar Stockholm\",\"url\":\"https:\/\/qualitycaviar.se\/en\/\",\"logo\":{\"@type\":\"ImageObject\",\"inLanguage\":\"en-US\",\"@id\":\"https:\/\/qualitycaviar.se\/en\/#\/schema\/logo\/image\/\",\"url\":\"https:\/\/qualitycaviar.se\/wp-content\/uploads\/2022\/11\/share-image-quality-caviar.jpg\",\"contentUrl\":\"https:\/\/qualitycaviar.se\/wp-content\/uploads\/2022\/11\/share-image-quality-caviar.jpg\",\"width\":1200,\"height\":628,\"caption\":\"Quality Caviar Stockholm\"},\"image\":{\"@id\":\"https:\/\/qualitycaviar.se\/en\/#\/schema\/logo\/image\/\"},\"sameAs\":[\"https:\/\/www.facebook.com\/Qualitycaviar\",\"https:\/\/www.instagram.com\/qualitycaviar\/\",\"https:\/\/www.youtube.com\/channel\/UCHVx2eVxrDBJctB-8Ph782A\"]}]}<\/script>\n<!-- \/ Yoast SEO plugin. -->","yoast_head_json":{"title":"BAERII IMEPERIAL ** - Quality Caviar Stockholm","description":"Utforska en v\u00e4rld av lyx och f\u00f6rfining med Baerii kaviar \u2013 en delikatess som erbjuder en unik smakupplevelse. L\u00e4r dig mer om denna exklusiva gourmetprodukt.","robots":{"index":"index","follow":"follow","max-snippet":"max-snippet:-1","max-image-preview":"max-image-preview:large","max-video-preview":"max-video-preview:-1"},"canonical":"https:\/\/qualitycaviar.se\/en\/produkt\/baerii-imperial\/","og_locale":"en_US","og_type":"article","og_title":"BAERII IMEPERIAL ** - Quality Caviar Stockholm","og_description":"Utforska en v\u00e4rld av lyx och f\u00f6rfining med Baerii kaviar \u2013 en delikatess som erbjuder en unik smakupplevelse. L\u00e4r dig mer om denna exklusiva gourmetprodukt.","og_url":"https:\/\/qualitycaviar.se\/en\/produkt\/baerii-imperial\/","og_site_name":"Quality Caviar Stockholm","article_publisher":"https:\/\/www.facebook.com\/Qualitycaviar","article_modified_time":"2026-04-29T15:30:25+00:00","og_image":[{"width":400,"height":400,"url":"https:\/\/qualitycaviar.se\/wp-content\/uploads\/2024\/03\/img-baerii-1.webp","type":"image\/webp"}],"twitter_card":"summary_large_image","twitter_misc":{"Est. reading time":"2 minutes"},"schema":{"@context":"https:\/\/schema.org","@graph":[{"@type":"WebPage","@id":"https:\/\/qualitycaviar.se\/en\/produkt\/baerii-imperial\/","url":"https:\/\/qualitycaviar.se\/en\/produkt\/baerii-imperial\/","name":"BAERII IMEPERIAL ** - Quality Caviar Stockholm","isPartOf":{"@id":"https:\/\/qualitycaviar.se\/en\/#website"},"primaryImageOfPage":{"@id":"https:\/\/qualitycaviar.se\/en\/produkt\/baerii-imperial\/#primaryimage"},"image":{"@id":"https:\/\/qualitycaviar.se\/en\/produkt\/baerii-imperial\/#primaryimage"},"thumbnailUrl":"https:\/\/qualitycaviar.se\/wp-content\/uploads\/2024\/03\/img-baerii-1.webp","datePublished":"2024-03-29T09:28:38+00:00","dateModified":"2026-04-29T15:30:25+00:00","description":"Utforska en v\u00e4rld av lyx och f\u00f6rfining med Baerii kaviar \u2013 en delikatess som erbjuder en unik smakupplevelse. L\u00e4r dig mer om denna exklusiva gourmetprodukt.","breadcrumb":{"@id":"https:\/\/qualitycaviar.se\/en\/produkt\/baerii-imperial\/#breadcrumb"},"inLanguage":"en-US","potentialAction":[{"@type":"ReadAction","target":["https:\/\/qualitycaviar.se\/en\/produkt\/baerii-imperial\/"]}]},{"@type":"ImageObject","inLanguage":"en-US","@id":"https:\/\/qualitycaviar.se\/en\/produkt\/baerii-imperial\/#primaryimage","url":"https:\/\/qualitycaviar.se\/wp-content\/uploads\/2024\/03\/img-baerii-1.webp","contentUrl":"https:\/\/qualitycaviar.se\/wp-content\/uploads\/2024\/03\/img-baerii-1.webp","width":400,"height":400},{"@type":"BreadcrumbList","@id":"https:\/\/qualitycaviar.se\/en\/produkt\/baerii-imperial\/#breadcrumb","itemListElement":[{"@type":"ListItem","position":1,"name":"Home","item":"https:\/\/qualitycaviar.se\/en\/"},{"@type":"ListItem","position":2,"name":"Butik","item":"https:\/\/qualitycaviar.se\/butik\/"},{"@type":"ListItem","position":3,"name":"BAERII IMEPERIAL **"}]},{"@type":"WebSite","@id":"https:\/\/qualitycaviar.se\/en\/#website","url":"https:\/\/qualitycaviar.se\/en\/","name":"Quality Caviar Stockholm","description":"F\u00f6rs\u00e4ljning av exklusiv caviar och l\u00f6jrom","publisher":{"@id":"https:\/\/qualitycaviar.se\/en\/#organization"},"potentialAction":[{"@type":"SearchAction","target":{"@type":"EntryPoint","urlTemplate":"https:\/\/qualitycaviar.se\/en\/?s={search_term_string}"},"query-input":{"@type":"PropertyValueSpecification","valueRequired":true,"valueName":"search_term_string"}}],"inLanguage":"en-US"},{"@type":"Organization","@id":"https:\/\/qualitycaviar.se\/en\/#organization","name":"Quality Caviar Stockholm","url":"https:\/\/qualitycaviar.se\/en\/","logo":{"@type":"ImageObject","inLanguage":"en-US","@id":"https:\/\/qualitycaviar.se\/en\/#\/schema\/logo\/image\/","url":"https:\/\/qualitycaviar.se\/wp-content\/uploads\/2022\/11\/share-image-quality-caviar.jpg","contentUrl":"https:\/\/qualitycaviar.se\/wp-content\/uploads\/2022\/11\/share-image-quality-caviar.jpg","width":1200,"height":628,"caption":"Quality Caviar Stockholm"},"image":{"@id":"https:\/\/qualitycaviar.se\/en\/#\/schema\/logo\/image\/"},"sameAs":["https:\/\/www.facebook.com\/Qualitycaviar","https:\/\/www.instagram.com\/qualitycaviar\/","https:\/\/www.youtube.com\/channel\/UCHVx2eVxrDBJctB-8Ph782A"]}]}},"_links":{"self":[{"href":"https:\/\/qualitycaviar.se\/en\/wp-json\/wp\/v2\/product\/2323","targetHints":{"allow":["GET"]}}],"collection":[{"href":"https:\/\/qualitycaviar.se\/en\/wp-json\/wp\/v2\/product"}],"about":[{"href":"https:\/\/qualitycaviar.se\/en\/wp-json\/wp\/v2\/types\/product"}],"replies":[{"embeddable":true,"href":"https:\/\/qualitycaviar.se\/en\/wp-json\/wp\/v2\/comments?post=2323"}],"wp:featuredmedia":[{"embeddable":true,"href":"https:\/\/qualitycaviar.se\/en\/wp-json\/wp\/v2\/media\/2978"}],"wp:attachment":[{"href":"https:\/\/qualitycaviar.se\/en\/wp-json\/wp\/v2\/media?parent=2323"}],"wp:term":[{"taxonomy":"product_brand","embeddable":true,"href":"https:\/\/qualitycaviar.se\/en\/wp-json\/wp\/v2\/product_brand?post=2323"},{"taxonomy":"product_cat","embeddable":true,"href":"https:\/\/qualitycaviar.se\/en\/wp-json\/wp\/v2\/product_cat?post=2323"},{"taxonomy":"product_tag","embeddable":true,"href":"https:\/\/qualitycaviar.se\/en\/wp-json\/wp\/v2\/product_tag?post=2323"}],"curies":[{"name":"wp","href":"https:\/\/api.w.org\/{rel}","templated":true}]}}