{"id":2425,"date":"2024-03-29T12:04:44","date_gmt":"2024-03-29T11:04:44","guid":{"rendered":"https:\/\/qualitycaviar.se\/?post_type=product&#038;p=2425"},"modified":"2026-04-25T04:23:28","modified_gmt":"2026-04-25T02:23:28","slug":"oscietra-majestic","status":"publish","type":"product","link":"https:\/\/qualitycaviar.se\/en\/produkt\/oscietra-majestic\/","title":{"rendered":"OSCIETRA MAJESTIC ***"},"content":{"rendered":"","protected":false},"excerpt":{"rendered":"<p>Upplev den ultimata ryska kaviarupplevelsen med v\u00e5r exklusiva Oscietra Majestic. Utvald fr\u00e5n broodstock-fiskar som kan vara upp till imponerande 38 \u00e5r gamla, erbjuder denna kaviar en smakupplevelse av o\u00f6vertr\u00e4ffad kvalitet och rikedom.<\/p>\n<p>Njut av den uts\u00f6kta smaken av Oscietra Majestic, vars karakt\u00e4ristiska mildhet balanseras perfekt med en distinkt n\u00f6tig underton. Ge dig sj\u00e4lv eller dina n\u00e4ra och k\u00e4ra den ultimata lyxen med denna f\u00f6rtrollande kaviar, som garanterat kommer att f\u00f6rgylla varje tillf\u00e4lle med sin omissk\u00e4nnliga elegans och sublima smak.<\/p>\n","protected":false},"featured_media":2991,"comment_status":"closed","ping_status":"closed","template":"","meta":{"_acf_changed":false},"product_brand":[],"product_cat":[59],"product_tag":[],"class_list":{"0":"post-2425","1":"product","2":"type-product","3":"status-publish","4":"has-post-thumbnail","6":"product_cat-caviar","8":"first","9":"instock","10":"taxable","11":"shipping-taxable","12":"purchasable","13":"product-type-variable"},"acf":[],"yoast_head":"<!-- This site is optimized with the Yoast SEO plugin v25.3 - https:\/\/yoast.com\/wordpress\/plugins\/seo\/ -->\n<title>OSCIETRA MAJESTIC *** - Quality Caviar Stockholm<\/title>\n<meta name=\"description\" content=\"Utforska en v\u00e4rld av lyx och f\u00f6rfining med Oscietra kaviar \u2013 en delikatess som erbjuder en unik smakupplevelse. L\u00e4r dig mer om denna exklusiva kaviar.\" \/>\n<meta name=\"robots\" content=\"index, follow, max-snippet:-1, max-image-preview:large, max-video-preview:-1\" \/>\n<link rel=\"canonical\" href=\"https:\/\/qualitycaviar.se\/en\/produkt\/oscietra-majestic\/\" \/>\n<meta property=\"og:locale\" content=\"en_US\" \/>\n<meta property=\"og:type\" content=\"article\" \/>\n<meta property=\"og:title\" content=\"OSCIETRA MAJESTIC *** - Quality Caviar Stockholm\" \/>\n<meta property=\"og:description\" content=\"Utforska en v\u00e4rld av lyx och f\u00f6rfining med Oscietra kaviar \u2013 en delikatess som erbjuder en unik smakupplevelse. L\u00e4r dig mer om denna exklusiva kaviar.\" \/>\n<meta property=\"og:url\" content=\"https:\/\/qualitycaviar.se\/en\/produkt\/oscietra-majestic\/\" \/>\n<meta property=\"og:site_name\" content=\"Quality Caviar Stockholm\" \/>\n<meta property=\"article:publisher\" content=\"https:\/\/www.facebook.com\/Qualitycaviar\" \/>\n<meta property=\"article:modified_time\" content=\"2026-04-25T02:23:28+00:00\" \/>\n<meta property=\"og:image\" content=\"https:\/\/qualitycaviar.se\/wp-content\/uploads\/2024\/03\/img-oscietra-caviar-1.webp\" \/>\n\t<meta property=\"og:image:width\" content=\"400\" \/>\n\t<meta property=\"og:image:height\" content=\"400\" \/>\n\t<meta property=\"og:image:type\" content=\"image\/webp\" \/>\n<meta name=\"twitter:card\" content=\"summary_large_image\" \/>\n<meta name=\"twitter:label1\" content=\"Est. reading time\" \/>\n\t<meta name=\"twitter:data1\" content=\"1 minute\" \/>\n<script type=\"application\/ld+json\" class=\"yoast-schema-graph\">{\"@context\":\"https:\/\/schema.org\",\"@graph\":[{\"@type\":\"WebPage\",\"@id\":\"https:\/\/qualitycaviar.se\/en\/produkt\/oscietra-majestic\/\",\"url\":\"https:\/\/qualitycaviar.se\/en\/produkt\/oscietra-majestic\/\",\"name\":\"OSCIETRA MAJESTIC *** - Quality Caviar Stockholm\",\"isPartOf\":{\"@id\":\"https:\/\/qualitycaviar.se\/en\/#website\"},\"primaryImageOfPage\":{\"@id\":\"https:\/\/qualitycaviar.se\/en\/produkt\/oscietra-majestic\/#primaryimage\"},\"image\":{\"@id\":\"https:\/\/qualitycaviar.se\/en\/produkt\/oscietra-majestic\/#primaryimage\"},\"thumbnailUrl\":\"https:\/\/qualitycaviar.se\/wp-content\/uploads\/2024\/03\/img-oscietra-caviar-1.webp\",\"datePublished\":\"2024-03-29T11:04:44+00:00\",\"dateModified\":\"2026-04-25T02:23:28+00:00\",\"description\":\"Utforska en v\u00e4rld av lyx och f\u00f6rfining med Oscietra kaviar \u2013 en delikatess som erbjuder en unik smakupplevelse. L\u00e4r dig mer om denna exklusiva kaviar.\",\"breadcrumb\":{\"@id\":\"https:\/\/qualitycaviar.se\/en\/produkt\/oscietra-majestic\/#breadcrumb\"},\"inLanguage\":\"en-US\",\"potentialAction\":[{\"@type\":\"ReadAction\",\"target\":[\"https:\/\/qualitycaviar.se\/en\/produkt\/oscietra-majestic\/\"]}]},{\"@type\":\"ImageObject\",\"inLanguage\":\"en-US\",\"@id\":\"https:\/\/qualitycaviar.se\/en\/produkt\/oscietra-majestic\/#primaryimage\",\"url\":\"https:\/\/qualitycaviar.se\/wp-content\/uploads\/2024\/03\/img-oscietra-caviar-1.webp\",\"contentUrl\":\"https:\/\/qualitycaviar.se\/wp-content\/uploads\/2024\/03\/img-oscietra-caviar-1.webp\",\"width\":400,\"height\":400},{\"@type\":\"BreadcrumbList\",\"@id\":\"https:\/\/qualitycaviar.se\/en\/produkt\/oscietra-majestic\/#breadcrumb\",\"itemListElement\":[{\"@type\":\"ListItem\",\"position\":1,\"name\":\"Home\",\"item\":\"https:\/\/qualitycaviar.se\/en\/\"},{\"@type\":\"ListItem\",\"position\":2,\"name\":\"Butik\",\"item\":\"https:\/\/qualitycaviar.se\/butik\/\"},{\"@type\":\"ListItem\",\"position\":3,\"name\":\"OSCIETRA MAJESTIC ***\"}]},{\"@type\":\"WebSite\",\"@id\":\"https:\/\/qualitycaviar.se\/en\/#website\",\"url\":\"https:\/\/qualitycaviar.se\/en\/\",\"name\":\"Quality Caviar Stockholm\",\"description\":\"F\u00f6rs\u00e4ljning av exklusiv caviar och l\u00f6jrom\",\"publisher\":{\"@id\":\"https:\/\/qualitycaviar.se\/en\/#organization\"},\"potentialAction\":[{\"@type\":\"SearchAction\",\"target\":{\"@type\":\"EntryPoint\",\"urlTemplate\":\"https:\/\/qualitycaviar.se\/en\/?s={search_term_string}\"},\"query-input\":{\"@type\":\"PropertyValueSpecification\",\"valueRequired\":true,\"valueName\":\"search_term_string\"}}],\"inLanguage\":\"en-US\"},{\"@type\":\"Organization\",\"@id\":\"https:\/\/qualitycaviar.se\/en\/#organization\",\"name\":\"Quality Caviar Stockholm\",\"url\":\"https:\/\/qualitycaviar.se\/en\/\",\"logo\":{\"@type\":\"ImageObject\",\"inLanguage\":\"en-US\",\"@id\":\"https:\/\/qualitycaviar.se\/en\/#\/schema\/logo\/image\/\",\"url\":\"https:\/\/qualitycaviar.se\/wp-content\/uploads\/2022\/11\/share-image-quality-caviar.jpg\",\"contentUrl\":\"https:\/\/qualitycaviar.se\/wp-content\/uploads\/2022\/11\/share-image-quality-caviar.jpg\",\"width\":1200,\"height\":628,\"caption\":\"Quality Caviar Stockholm\"},\"image\":{\"@id\":\"https:\/\/qualitycaviar.se\/en\/#\/schema\/logo\/image\/\"},\"sameAs\":[\"https:\/\/www.facebook.com\/Qualitycaviar\",\"https:\/\/www.instagram.com\/qualitycaviar\/\",\"https:\/\/www.youtube.com\/channel\/UCHVx2eVxrDBJctB-8Ph782A\"]}]}<\/script>\n<!-- \/ Yoast SEO plugin. -->","yoast_head_json":{"title":"OSCIETRA MAJESTIC *** - Quality Caviar Stockholm","description":"Utforska en v\u00e4rld av lyx och f\u00f6rfining med Oscietra kaviar \u2013 en delikatess som erbjuder en unik smakupplevelse. L\u00e4r dig mer om denna exklusiva kaviar.","robots":{"index":"index","follow":"follow","max-snippet":"max-snippet:-1","max-image-preview":"max-image-preview:large","max-video-preview":"max-video-preview:-1"},"canonical":"https:\/\/qualitycaviar.se\/en\/produkt\/oscietra-majestic\/","og_locale":"en_US","og_type":"article","og_title":"OSCIETRA MAJESTIC *** - Quality Caviar Stockholm","og_description":"Utforska en v\u00e4rld av lyx och f\u00f6rfining med Oscietra kaviar \u2013 en delikatess som erbjuder en unik smakupplevelse. L\u00e4r dig mer om denna exklusiva kaviar.","og_url":"https:\/\/qualitycaviar.se\/en\/produkt\/oscietra-majestic\/","og_site_name":"Quality Caviar Stockholm","article_publisher":"https:\/\/www.facebook.com\/Qualitycaviar","article_modified_time":"2026-04-25T02:23:28+00:00","og_image":[{"width":400,"height":400,"url":"https:\/\/qualitycaviar.se\/wp-content\/uploads\/2024\/03\/img-oscietra-caviar-1.webp","type":"image\/webp"}],"twitter_card":"summary_large_image","twitter_misc":{"Est. reading time":"1 minute"},"schema":{"@context":"https:\/\/schema.org","@graph":[{"@type":"WebPage","@id":"https:\/\/qualitycaviar.se\/en\/produkt\/oscietra-majestic\/","url":"https:\/\/qualitycaviar.se\/en\/produkt\/oscietra-majestic\/","name":"OSCIETRA MAJESTIC *** - Quality Caviar Stockholm","isPartOf":{"@id":"https:\/\/qualitycaviar.se\/en\/#website"},"primaryImageOfPage":{"@id":"https:\/\/qualitycaviar.se\/en\/produkt\/oscietra-majestic\/#primaryimage"},"image":{"@id":"https:\/\/qualitycaviar.se\/en\/produkt\/oscietra-majestic\/#primaryimage"},"thumbnailUrl":"https:\/\/qualitycaviar.se\/wp-content\/uploads\/2024\/03\/img-oscietra-caviar-1.webp","datePublished":"2024-03-29T11:04:44+00:00","dateModified":"2026-04-25T02:23:28+00:00","description":"Utforska en v\u00e4rld av lyx och f\u00f6rfining med Oscietra kaviar \u2013 en delikatess som erbjuder en unik smakupplevelse. L\u00e4r dig mer om denna exklusiva kaviar.","breadcrumb":{"@id":"https:\/\/qualitycaviar.se\/en\/produkt\/oscietra-majestic\/#breadcrumb"},"inLanguage":"en-US","potentialAction":[{"@type":"ReadAction","target":["https:\/\/qualitycaviar.se\/en\/produkt\/oscietra-majestic\/"]}]},{"@type":"ImageObject","inLanguage":"en-US","@id":"https:\/\/qualitycaviar.se\/en\/produkt\/oscietra-majestic\/#primaryimage","url":"https:\/\/qualitycaviar.se\/wp-content\/uploads\/2024\/03\/img-oscietra-caviar-1.webp","contentUrl":"https:\/\/qualitycaviar.se\/wp-content\/uploads\/2024\/03\/img-oscietra-caviar-1.webp","width":400,"height":400},{"@type":"BreadcrumbList","@id":"https:\/\/qualitycaviar.se\/en\/produkt\/oscietra-majestic\/#breadcrumb","itemListElement":[{"@type":"ListItem","position":1,"name":"Home","item":"https:\/\/qualitycaviar.se\/en\/"},{"@type":"ListItem","position":2,"name":"Butik","item":"https:\/\/qualitycaviar.se\/butik\/"},{"@type":"ListItem","position":3,"name":"OSCIETRA MAJESTIC ***"}]},{"@type":"WebSite","@id":"https:\/\/qualitycaviar.se\/en\/#website","url":"https:\/\/qualitycaviar.se\/en\/","name":"Quality Caviar Stockholm","description":"F\u00f6rs\u00e4ljning av exklusiv caviar och l\u00f6jrom","publisher":{"@id":"https:\/\/qualitycaviar.se\/en\/#organization"},"potentialAction":[{"@type":"SearchAction","target":{"@type":"EntryPoint","urlTemplate":"https:\/\/qualitycaviar.se\/en\/?s={search_term_string}"},"query-input":{"@type":"PropertyValueSpecification","valueRequired":true,"valueName":"search_term_string"}}],"inLanguage":"en-US"},{"@type":"Organization","@id":"https:\/\/qualitycaviar.se\/en\/#organization","name":"Quality Caviar Stockholm","url":"https:\/\/qualitycaviar.se\/en\/","logo":{"@type":"ImageObject","inLanguage":"en-US","@id":"https:\/\/qualitycaviar.se\/en\/#\/schema\/logo\/image\/","url":"https:\/\/qualitycaviar.se\/wp-content\/uploads\/2022\/11\/share-image-quality-caviar.jpg","contentUrl":"https:\/\/qualitycaviar.se\/wp-content\/uploads\/2022\/11\/share-image-quality-caviar.jpg","width":1200,"height":628,"caption":"Quality Caviar Stockholm"},"image":{"@id":"https:\/\/qualitycaviar.se\/en\/#\/schema\/logo\/image\/"},"sameAs":["https:\/\/www.facebook.com\/Qualitycaviar","https:\/\/www.instagram.com\/qualitycaviar\/","https:\/\/www.youtube.com\/channel\/UCHVx2eVxrDBJctB-8Ph782A"]}]}},"_links":{"self":[{"href":"https:\/\/qualitycaviar.se\/en\/wp-json\/wp\/v2\/product\/2425","targetHints":{"allow":["GET"]}}],"collection":[{"href":"https:\/\/qualitycaviar.se\/en\/wp-json\/wp\/v2\/product"}],"about":[{"href":"https:\/\/qualitycaviar.se\/en\/wp-json\/wp\/v2\/types\/product"}],"replies":[{"embeddable":true,"href":"https:\/\/qualitycaviar.se\/en\/wp-json\/wp\/v2\/comments?post=2425"}],"wp:featuredmedia":[{"embeddable":true,"href":"https:\/\/qualitycaviar.se\/en\/wp-json\/wp\/v2\/media\/2991"}],"wp:attachment":[{"href":"https:\/\/qualitycaviar.se\/en\/wp-json\/wp\/v2\/media?parent=2425"}],"wp:term":[{"taxonomy":"product_brand","embeddable":true,"href":"https:\/\/qualitycaviar.se\/en\/wp-json\/wp\/v2\/product_brand?post=2425"},{"taxonomy":"product_cat","embeddable":true,"href":"https:\/\/qualitycaviar.se\/en\/wp-json\/wp\/v2\/product_cat?post=2425"},{"taxonomy":"product_tag","embeddable":true,"href":"https:\/\/qualitycaviar.se\/en\/wp-json\/wp\/v2\/product_tag?post=2425"}],"curies":[{"name":"wp","href":"https:\/\/api.w.org\/{rel}","templated":true}]}}