{"id":2491,"date":"2024-03-29T12:35:14","date_gmt":"2024-03-29T11:35:14","guid":{"rendered":"https:\/\/qualitycaviar.se\/?post_type=product&#038;p=2491"},"modified":"2026-04-02T18:46:27","modified_gmt":"2026-04-02T16:46:27","slug":"huso-gold-imperial","status":"publish","type":"product","link":"https:\/\/qualitycaviar.se\/en\/produkt\/huso-gold-imperial\/","title":{"rendered":"HUSO GOLD IMPERIAL **"},"content":{"rendered":"","protected":false},"excerpt":{"rendered":"<p>Upplev o\u00f6vertr\u00e4ffad lyx med v\u00e5r exklusiva Huso Imperial Caviar, omsorgsfullt utvald fr\u00e5n 22-28 \u00e5riga st\u00f6rhonor f\u00f6r att s\u00e4kerst\u00e4lla en smakupplevelse av h\u00f6gsta kvalitet. Denna majest\u00e4tiska kaviar erbjuder en rik smakprofil med en balanserad s\u00e4lta och en subtilt n\u00f6tig ton.<\/p>\n<p>Med en silkeslen konsistens och distinkt smak \u00e4r varje tugga en sensorisk fest f\u00f6r dina smakl\u00f6kar. Ge dig sj\u00e4lv den ultimata gastronomiska upplevelsen med Huso Imperial Caviar och l\u00e5t dess \u00f6verd\u00e5diga smaker f\u00f6rgylla varje tillf\u00e4lle.<\/p>\n","protected":false},"featured_media":2985,"comment_status":"closed","ping_status":"closed","template":"","meta":{"_acf_changed":false},"product_brand":[],"product_cat":[59],"product_tag":[],"class_list":{"0":"post-2491","1":"product","2":"type-product","3":"status-publish","4":"has-post-thumbnail","6":"product_cat-caviar","8":"first","9":"instock","10":"taxable","11":"shipping-taxable","12":"purchasable","13":"product-type-variable"},"acf":[],"yoast_head":"<!-- This site is optimized with the Yoast SEO plugin v25.3 - https:\/\/yoast.com\/wordpress\/plugins\/seo\/ -->\n<title>HUSO GOLD IMPERIAL ** - Quality Caviar Stockholm<\/title>\n<meta name=\"description\" content=\"Utforska en v\u00e4rld av lyx och f\u00f6rfining med Huso Gold kaviar \u2013 en delikatess som erbjuder en unik smakupplevelse. L\u00e4r dig mer om denna exklusiva kaviar.\" \/>\n<meta name=\"robots\" content=\"index, follow, max-snippet:-1, max-image-preview:large, max-video-preview:-1\" \/>\n<link rel=\"canonical\" href=\"https:\/\/qualitycaviar.se\/en\/produkt\/huso-gold-imperial\/\" \/>\n<meta property=\"og:locale\" content=\"en_US\" \/>\n<meta property=\"og:type\" content=\"article\" \/>\n<meta property=\"og:title\" content=\"HUSO GOLD IMPERIAL ** - Quality Caviar Stockholm\" \/>\n<meta property=\"og:description\" content=\"Utforska en v\u00e4rld av lyx och f\u00f6rfining med Huso Gold kaviar \u2013 en delikatess som erbjuder en unik smakupplevelse. L\u00e4r dig mer om denna exklusiva kaviar.\" \/>\n<meta property=\"og:url\" content=\"https:\/\/qualitycaviar.se\/en\/produkt\/huso-gold-imperial\/\" \/>\n<meta property=\"og:site_name\" content=\"Quality Caviar Stockholm\" \/>\n<meta property=\"article:publisher\" content=\"https:\/\/www.facebook.com\/Qualitycaviar\" \/>\n<meta property=\"article:modified_time\" content=\"2026-04-02T16:46:27+00:00\" \/>\n<meta property=\"og:image\" content=\"https:\/\/qualitycaviar.se\/wp-content\/uploads\/2024\/03\/img-huso-gold-1.webp\" \/>\n\t<meta property=\"og:image:width\" content=\"400\" \/>\n\t<meta property=\"og:image:height\" content=\"400\" \/>\n\t<meta property=\"og:image:type\" content=\"image\/webp\" \/>\n<meta name=\"twitter:card\" content=\"summary_large_image\" \/>\n<meta name=\"twitter:label1\" content=\"Est. reading time\" \/>\n\t<meta name=\"twitter:data1\" content=\"2 minutes\" \/>\n<script type=\"application\/ld+json\" class=\"yoast-schema-graph\">{\"@context\":\"https:\/\/schema.org\",\"@graph\":[{\"@type\":\"WebPage\",\"@id\":\"https:\/\/qualitycaviar.se\/en\/produkt\/huso-gold-imperial\/\",\"url\":\"https:\/\/qualitycaviar.se\/en\/produkt\/huso-gold-imperial\/\",\"name\":\"HUSO GOLD IMPERIAL ** - Quality Caviar Stockholm\",\"isPartOf\":{\"@id\":\"https:\/\/qualitycaviar.se\/en\/#website\"},\"primaryImageOfPage\":{\"@id\":\"https:\/\/qualitycaviar.se\/en\/produkt\/huso-gold-imperial\/#primaryimage\"},\"image\":{\"@id\":\"https:\/\/qualitycaviar.se\/en\/produkt\/huso-gold-imperial\/#primaryimage\"},\"thumbnailUrl\":\"https:\/\/qualitycaviar.se\/wp-content\/uploads\/2024\/03\/img-huso-gold-1.webp\",\"datePublished\":\"2024-03-29T11:35:14+00:00\",\"dateModified\":\"2026-04-02T16:46:27+00:00\",\"description\":\"Utforska en v\u00e4rld av lyx och f\u00f6rfining med Huso Gold kaviar \u2013 en delikatess som erbjuder en unik smakupplevelse. L\u00e4r dig mer om denna exklusiva kaviar.\",\"breadcrumb\":{\"@id\":\"https:\/\/qualitycaviar.se\/en\/produkt\/huso-gold-imperial\/#breadcrumb\"},\"inLanguage\":\"en-US\",\"potentialAction\":[{\"@type\":\"ReadAction\",\"target\":[\"https:\/\/qualitycaviar.se\/en\/produkt\/huso-gold-imperial\/\"]}]},{\"@type\":\"ImageObject\",\"inLanguage\":\"en-US\",\"@id\":\"https:\/\/qualitycaviar.se\/en\/produkt\/huso-gold-imperial\/#primaryimage\",\"url\":\"https:\/\/qualitycaviar.se\/wp-content\/uploads\/2024\/03\/img-huso-gold-1.webp\",\"contentUrl\":\"https:\/\/qualitycaviar.se\/wp-content\/uploads\/2024\/03\/img-huso-gold-1.webp\",\"width\":400,\"height\":400},{\"@type\":\"BreadcrumbList\",\"@id\":\"https:\/\/qualitycaviar.se\/en\/produkt\/huso-gold-imperial\/#breadcrumb\",\"itemListElement\":[{\"@type\":\"ListItem\",\"position\":1,\"name\":\"Home\",\"item\":\"https:\/\/qualitycaviar.se\/en\/\"},{\"@type\":\"ListItem\",\"position\":2,\"name\":\"Butik\",\"item\":\"https:\/\/qualitycaviar.se\/butik\/\"},{\"@type\":\"ListItem\",\"position\":3,\"name\":\"HUSO GOLD IMPERIAL **\"}]},{\"@type\":\"WebSite\",\"@id\":\"https:\/\/qualitycaviar.se\/en\/#website\",\"url\":\"https:\/\/qualitycaviar.se\/en\/\",\"name\":\"Quality Caviar Stockholm\",\"description\":\"F\u00f6rs\u00e4ljning av exklusiv caviar och l\u00f6jrom\",\"publisher\":{\"@id\":\"https:\/\/qualitycaviar.se\/en\/#organization\"},\"potentialAction\":[{\"@type\":\"SearchAction\",\"target\":{\"@type\":\"EntryPoint\",\"urlTemplate\":\"https:\/\/qualitycaviar.se\/en\/?s={search_term_string}\"},\"query-input\":{\"@type\":\"PropertyValueSpecification\",\"valueRequired\":true,\"valueName\":\"search_term_string\"}}],\"inLanguage\":\"en-US\"},{\"@type\":\"Organization\",\"@id\":\"https:\/\/qualitycaviar.se\/en\/#organization\",\"name\":\"Quality Caviar Stockholm\",\"url\":\"https:\/\/qualitycaviar.se\/en\/\",\"logo\":{\"@type\":\"ImageObject\",\"inLanguage\":\"en-US\",\"@id\":\"https:\/\/qualitycaviar.se\/en\/#\/schema\/logo\/image\/\",\"url\":\"https:\/\/qualitycaviar.se\/wp-content\/uploads\/2022\/11\/share-image-quality-caviar.jpg\",\"contentUrl\":\"https:\/\/qualitycaviar.se\/wp-content\/uploads\/2022\/11\/share-image-quality-caviar.jpg\",\"width\":1200,\"height\":628,\"caption\":\"Quality Caviar Stockholm\"},\"image\":{\"@id\":\"https:\/\/qualitycaviar.se\/en\/#\/schema\/logo\/image\/\"},\"sameAs\":[\"https:\/\/www.facebook.com\/Qualitycaviar\",\"https:\/\/www.instagram.com\/qualitycaviar\/\",\"https:\/\/www.youtube.com\/channel\/UCHVx2eVxrDBJctB-8Ph782A\"]}]}<\/script>\n<!-- \/ Yoast SEO plugin. -->","yoast_head_json":{"title":"HUSO GOLD IMPERIAL ** - Quality Caviar Stockholm","description":"Utforska en v\u00e4rld av lyx och f\u00f6rfining med Huso Gold kaviar \u2013 en delikatess som erbjuder en unik smakupplevelse. L\u00e4r dig mer om denna exklusiva kaviar.","robots":{"index":"index","follow":"follow","max-snippet":"max-snippet:-1","max-image-preview":"max-image-preview:large","max-video-preview":"max-video-preview:-1"},"canonical":"https:\/\/qualitycaviar.se\/en\/produkt\/huso-gold-imperial\/","og_locale":"en_US","og_type":"article","og_title":"HUSO GOLD IMPERIAL ** - Quality Caviar Stockholm","og_description":"Utforska en v\u00e4rld av lyx och f\u00f6rfining med Huso Gold kaviar \u2013 en delikatess som erbjuder en unik smakupplevelse. L\u00e4r dig mer om denna exklusiva kaviar.","og_url":"https:\/\/qualitycaviar.se\/en\/produkt\/huso-gold-imperial\/","og_site_name":"Quality Caviar Stockholm","article_publisher":"https:\/\/www.facebook.com\/Qualitycaviar","article_modified_time":"2026-04-02T16:46:27+00:00","og_image":[{"width":400,"height":400,"url":"https:\/\/qualitycaviar.se\/wp-content\/uploads\/2024\/03\/img-huso-gold-1.webp","type":"image\/webp"}],"twitter_card":"summary_large_image","twitter_misc":{"Est. reading time":"2 minutes"},"schema":{"@context":"https:\/\/schema.org","@graph":[{"@type":"WebPage","@id":"https:\/\/qualitycaviar.se\/en\/produkt\/huso-gold-imperial\/","url":"https:\/\/qualitycaviar.se\/en\/produkt\/huso-gold-imperial\/","name":"HUSO GOLD IMPERIAL ** - Quality Caviar Stockholm","isPartOf":{"@id":"https:\/\/qualitycaviar.se\/en\/#website"},"primaryImageOfPage":{"@id":"https:\/\/qualitycaviar.se\/en\/produkt\/huso-gold-imperial\/#primaryimage"},"image":{"@id":"https:\/\/qualitycaviar.se\/en\/produkt\/huso-gold-imperial\/#primaryimage"},"thumbnailUrl":"https:\/\/qualitycaviar.se\/wp-content\/uploads\/2024\/03\/img-huso-gold-1.webp","datePublished":"2024-03-29T11:35:14+00:00","dateModified":"2026-04-02T16:46:27+00:00","description":"Utforska en v\u00e4rld av lyx och f\u00f6rfining med Huso Gold kaviar \u2013 en delikatess som erbjuder en unik smakupplevelse. L\u00e4r dig mer om denna exklusiva kaviar.","breadcrumb":{"@id":"https:\/\/qualitycaviar.se\/en\/produkt\/huso-gold-imperial\/#breadcrumb"},"inLanguage":"en-US","potentialAction":[{"@type":"ReadAction","target":["https:\/\/qualitycaviar.se\/en\/produkt\/huso-gold-imperial\/"]}]},{"@type":"ImageObject","inLanguage":"en-US","@id":"https:\/\/qualitycaviar.se\/en\/produkt\/huso-gold-imperial\/#primaryimage","url":"https:\/\/qualitycaviar.se\/wp-content\/uploads\/2024\/03\/img-huso-gold-1.webp","contentUrl":"https:\/\/qualitycaviar.se\/wp-content\/uploads\/2024\/03\/img-huso-gold-1.webp","width":400,"height":400},{"@type":"BreadcrumbList","@id":"https:\/\/qualitycaviar.se\/en\/produkt\/huso-gold-imperial\/#breadcrumb","itemListElement":[{"@type":"ListItem","position":1,"name":"Home","item":"https:\/\/qualitycaviar.se\/en\/"},{"@type":"ListItem","position":2,"name":"Butik","item":"https:\/\/qualitycaviar.se\/butik\/"},{"@type":"ListItem","position":3,"name":"HUSO GOLD IMPERIAL **"}]},{"@type":"WebSite","@id":"https:\/\/qualitycaviar.se\/en\/#website","url":"https:\/\/qualitycaviar.se\/en\/","name":"Quality Caviar Stockholm","description":"F\u00f6rs\u00e4ljning av exklusiv caviar och l\u00f6jrom","publisher":{"@id":"https:\/\/qualitycaviar.se\/en\/#organization"},"potentialAction":[{"@type":"SearchAction","target":{"@type":"EntryPoint","urlTemplate":"https:\/\/qualitycaviar.se\/en\/?s={search_term_string}"},"query-input":{"@type":"PropertyValueSpecification","valueRequired":true,"valueName":"search_term_string"}}],"inLanguage":"en-US"},{"@type":"Organization","@id":"https:\/\/qualitycaviar.se\/en\/#organization","name":"Quality Caviar Stockholm","url":"https:\/\/qualitycaviar.se\/en\/","logo":{"@type":"ImageObject","inLanguage":"en-US","@id":"https:\/\/qualitycaviar.se\/en\/#\/schema\/logo\/image\/","url":"https:\/\/qualitycaviar.se\/wp-content\/uploads\/2022\/11\/share-image-quality-caviar.jpg","contentUrl":"https:\/\/qualitycaviar.se\/wp-content\/uploads\/2022\/11\/share-image-quality-caviar.jpg","width":1200,"height":628,"caption":"Quality Caviar Stockholm"},"image":{"@id":"https:\/\/qualitycaviar.se\/en\/#\/schema\/logo\/image\/"},"sameAs":["https:\/\/www.facebook.com\/Qualitycaviar","https:\/\/www.instagram.com\/qualitycaviar\/","https:\/\/www.youtube.com\/channel\/UCHVx2eVxrDBJctB-8Ph782A"]}]}},"_links":{"self":[{"href":"https:\/\/qualitycaviar.se\/en\/wp-json\/wp\/v2\/product\/2491","targetHints":{"allow":["GET"]}}],"collection":[{"href":"https:\/\/qualitycaviar.se\/en\/wp-json\/wp\/v2\/product"}],"about":[{"href":"https:\/\/qualitycaviar.se\/en\/wp-json\/wp\/v2\/types\/product"}],"replies":[{"embeddable":true,"href":"https:\/\/qualitycaviar.se\/en\/wp-json\/wp\/v2\/comments?post=2491"}],"wp:featuredmedia":[{"embeddable":true,"href":"https:\/\/qualitycaviar.se\/en\/wp-json\/wp\/v2\/media\/2985"}],"wp:attachment":[{"href":"https:\/\/qualitycaviar.se\/en\/wp-json\/wp\/v2\/media?parent=2491"}],"wp:term":[{"taxonomy":"product_brand","embeddable":true,"href":"https:\/\/qualitycaviar.se\/en\/wp-json\/wp\/v2\/product_brand?post=2491"},{"taxonomy":"product_cat","embeddable":true,"href":"https:\/\/qualitycaviar.se\/en\/wp-json\/wp\/v2\/product_cat?post=2491"},{"taxonomy":"product_tag","embeddable":true,"href":"https:\/\/qualitycaviar.se\/en\/wp-json\/wp\/v2\/product_tag?post=2491"}],"curies":[{"name":"wp","href":"https:\/\/api.w.org\/{rel}","templated":true}]}}