{"id":2158,"date":"2024-01-30T13:42:55","date_gmt":"2024-01-30T12:42:55","guid":{"rendered":"https:\/\/qualitycaviar.se\/experiencia-villa-abisko-en-marbella-con-quality-caviar-stockholm\/"},"modified":"2024-02-20T15:19:22","modified_gmt":"2024-02-20T14:19:22","slug":"experiencia-villa-abisko-en-marbella-con-quality-caviar-stockholm","status":"publish","type":"page","link":"https:\/\/qualitycaviar.se\/es\/experiencia-villa-abisko-en-marbella-con-quality-caviar-stockholm\/","title":{"rendered":"EXPERIENCIA VILLA ABISKO EN MARBELLA CON QUALITY CAVIAR STOCKHOLM"},"content":{"rendered":"","protected":false},"excerpt":{"rendered":"","protected":false},"author":12,"featured_media":0,"parent":0,"menu_order":0,"comment_status":"closed","ping_status":"closed","template":"","meta":{"_acf_changed":false,"footnotes":""},"class_list":["post-2158","page","type-page","status-publish","hentry"],"acf":[],"yoast_head":"<!-- This site is optimized with the Yoast SEO plugin v25.3 - https:\/\/yoast.com\/wordpress\/plugins\/seo\/ -->\n<title>Reg\u00e1late una experiencia \u00fanica en un retiro en Marbella - Quality Caviar<\/title>\n<meta name=\"description\" content=\"Quality Caviar Stockholm en Marbella. Disfruta del lujo y la gastronom\u00eda en la Costa del Sol espa\u00f1ola. Un oasis para aquellos que buscan ese toque especial.\" \/>\n<meta name=\"robots\" content=\"index, follow, max-snippet:-1, max-image-preview:large, max-video-preview:-1\" \/>\n<link rel=\"canonical\" href=\"https:\/\/qualitycaviar.se\/es\/experiencia-villa-abisko-en-marbella-con-quality-caviar-stockholm\/\" \/>\n<meta property=\"og:locale\" content=\"es_ES\" \/>\n<meta property=\"og:type\" content=\"article\" \/>\n<meta property=\"og:title\" content=\"Reg\u00e1late una experiencia \u00fanica en un retiro en Marbella - Quality Caviar\" \/>\n<meta property=\"og:description\" content=\"Quality Caviar Stockholm en Marbella. Disfruta del lujo y la gastronom\u00eda en la Costa del Sol espa\u00f1ola. Un oasis para aquellos que buscan ese toque especial.\" \/>\n<meta property=\"og:url\" content=\"https:\/\/qualitycaviar.se\/es\/experiencia-villa-abisko-en-marbella-con-quality-caviar-stockholm\/\" \/>\n<meta property=\"og:site_name\" content=\"Quality Caviar Stockholm\" \/>\n<meta property=\"article:publisher\" content=\"https:\/\/www.facebook.com\/Qualitycaviar\" \/>\n<meta property=\"article:modified_time\" content=\"2024-02-20T14:19:22+00:00\" \/>\n<meta property=\"og:image\" content=\"https:\/\/qualitycaviar.se\/wp-content\/uploads\/2022\/11\/share-image-quality-caviar.jpg\" \/>\n\t<meta property=\"og:image:width\" content=\"1200\" \/>\n\t<meta property=\"og:image:height\" content=\"628\" \/>\n\t<meta property=\"og:image:type\" content=\"image\/jpeg\" \/>\n<meta name=\"twitter:card\" content=\"summary_large_image\" \/>\n<script type=\"application\/ld+json\" class=\"yoast-schema-graph\">{\"@context\":\"https:\/\/schema.org\",\"@graph\":[{\"@type\":\"WebPage\",\"@id\":\"https:\/\/qualitycaviar.se\/es\/experiencia-villa-abisko-en-marbella-con-quality-caviar-stockholm\/\",\"url\":\"https:\/\/qualitycaviar.se\/es\/experiencia-villa-abisko-en-marbella-con-quality-caviar-stockholm\/\",\"name\":\"Reg\u00e1late una experiencia \u00fanica en un retiro en Marbella - Quality Caviar\",\"isPartOf\":{\"@id\":\"https:\/\/qualitycaviar.se\/es\/#website\"},\"datePublished\":\"2024-01-30T12:42:55+00:00\",\"dateModified\":\"2024-02-20T14:19:22+00:00\",\"description\":\"Quality Caviar Stockholm en Marbella. Disfruta del lujo y la gastronom\u00eda en la Costa del Sol espa\u00f1ola. Un oasis para aquellos que buscan ese toque especial.\",\"breadcrumb\":{\"@id\":\"https:\/\/qualitycaviar.se\/es\/experiencia-villa-abisko-en-marbella-con-quality-caviar-stockholm\/#breadcrumb\"},\"inLanguage\":\"es\",\"potentialAction\":[{\"@type\":\"ReadAction\",\"target\":[\"https:\/\/qualitycaviar.se\/es\/experiencia-villa-abisko-en-marbella-con-quality-caviar-stockholm\/\"]}]},{\"@type\":\"BreadcrumbList\",\"@id\":\"https:\/\/qualitycaviar.se\/es\/experiencia-villa-abisko-en-marbella-con-quality-caviar-stockholm\/#breadcrumb\",\"itemListElement\":[{\"@type\":\"ListItem\",\"position\":1,\"name\":\"Home\",\"item\":\"https:\/\/qualitycaviar.se\/es\/\"},{\"@type\":\"ListItem\",\"position\":2,\"name\":\"EXPERIENCIA VILLA ABISKO EN MARBELLA CON QUALITY CAVIAR STOCKHOLM\"}]},{\"@type\":\"WebSite\",\"@id\":\"https:\/\/qualitycaviar.se\/es\/#website\",\"url\":\"https:\/\/qualitycaviar.se\/es\/\",\"name\":\"Quality Caviar Stockholm\",\"description\":\"F\u00f6rs\u00e4ljning av exklusiv caviar och l\u00f6jrom\",\"publisher\":{\"@id\":\"https:\/\/qualitycaviar.se\/es\/#organization\"},\"potentialAction\":[{\"@type\":\"SearchAction\",\"target\":{\"@type\":\"EntryPoint\",\"urlTemplate\":\"https:\/\/qualitycaviar.se\/es\/?s={search_term_string}\"},\"query-input\":{\"@type\":\"PropertyValueSpecification\",\"valueRequired\":true,\"valueName\":\"search_term_string\"}}],\"inLanguage\":\"es\"},{\"@type\":\"Organization\",\"@id\":\"https:\/\/qualitycaviar.se\/es\/#organization\",\"name\":\"Quality Caviar Stockholm\",\"url\":\"https:\/\/qualitycaviar.se\/es\/\",\"logo\":{\"@type\":\"ImageObject\",\"inLanguage\":\"es\",\"@id\":\"https:\/\/qualitycaviar.se\/es\/#\/schema\/logo\/image\/\",\"url\":\"https:\/\/qualitycaviar.se\/wp-content\/uploads\/2022\/11\/share-image-quality-caviar.jpg\",\"contentUrl\":\"https:\/\/qualitycaviar.se\/wp-content\/uploads\/2022\/11\/share-image-quality-caviar.jpg\",\"width\":1200,\"height\":628,\"caption\":\"Quality Caviar Stockholm\"},\"image\":{\"@id\":\"https:\/\/qualitycaviar.se\/es\/#\/schema\/logo\/image\/\"},\"sameAs\":[\"https:\/\/www.facebook.com\/Qualitycaviar\",\"https:\/\/www.instagram.com\/qualitycaviar\/\",\"https:\/\/www.youtube.com\/channel\/UCHVx2eVxrDBJctB-8Ph782A\"]}]}<\/script>\n<!-- \/ Yoast SEO plugin. -->","yoast_head_json":{"title":"Reg\u00e1late una experiencia \u00fanica en un retiro en Marbella - Quality Caviar","description":"Quality Caviar Stockholm en Marbella. Disfruta del lujo y la gastronom\u00eda en la Costa del Sol espa\u00f1ola. Un oasis para aquellos que buscan ese toque especial.","robots":{"index":"index","follow":"follow","max-snippet":"max-snippet:-1","max-image-preview":"max-image-preview:large","max-video-preview":"max-video-preview:-1"},"canonical":"https:\/\/qualitycaviar.se\/es\/experiencia-villa-abisko-en-marbella-con-quality-caviar-stockholm\/","og_locale":"es_ES","og_type":"article","og_title":"Reg\u00e1late una experiencia \u00fanica en un retiro en Marbella - Quality Caviar","og_description":"Quality Caviar Stockholm en Marbella. Disfruta del lujo y la gastronom\u00eda en la Costa del Sol espa\u00f1ola. Un oasis para aquellos que buscan ese toque especial.","og_url":"https:\/\/qualitycaviar.se\/es\/experiencia-villa-abisko-en-marbella-con-quality-caviar-stockholm\/","og_site_name":"Quality Caviar Stockholm","article_publisher":"https:\/\/www.facebook.com\/Qualitycaviar","article_modified_time":"2024-02-20T14:19:22+00:00","og_image":[{"width":1200,"height":628,"url":"https:\/\/qualitycaviar.se\/wp-content\/uploads\/2022\/11\/share-image-quality-caviar.jpg","type":"image\/jpeg"}],"twitter_card":"summary_large_image","schema":{"@context":"https:\/\/schema.org","@graph":[{"@type":"WebPage","@id":"https:\/\/qualitycaviar.se\/es\/experiencia-villa-abisko-en-marbella-con-quality-caviar-stockholm\/","url":"https:\/\/qualitycaviar.se\/es\/experiencia-villa-abisko-en-marbella-con-quality-caviar-stockholm\/","name":"Reg\u00e1late una experiencia \u00fanica en un retiro en Marbella - Quality Caviar","isPartOf":{"@id":"https:\/\/qualitycaviar.se\/es\/#website"},"datePublished":"2024-01-30T12:42:55+00:00","dateModified":"2024-02-20T14:19:22+00:00","description":"Quality Caviar Stockholm en Marbella. Disfruta del lujo y la gastronom\u00eda en la Costa del Sol espa\u00f1ola. Un oasis para aquellos que buscan ese toque especial.","breadcrumb":{"@id":"https:\/\/qualitycaviar.se\/es\/experiencia-villa-abisko-en-marbella-con-quality-caviar-stockholm\/#breadcrumb"},"inLanguage":"es","potentialAction":[{"@type":"ReadAction","target":["https:\/\/qualitycaviar.se\/es\/experiencia-villa-abisko-en-marbella-con-quality-caviar-stockholm\/"]}]},{"@type":"BreadcrumbList","@id":"https:\/\/qualitycaviar.se\/es\/experiencia-villa-abisko-en-marbella-con-quality-caviar-stockholm\/#breadcrumb","itemListElement":[{"@type":"ListItem","position":1,"name":"Home","item":"https:\/\/qualitycaviar.se\/es\/"},{"@type":"ListItem","position":2,"name":"EXPERIENCIA VILLA ABISKO EN MARBELLA CON QUALITY CAVIAR STOCKHOLM"}]},{"@type":"WebSite","@id":"https:\/\/qualitycaviar.se\/es\/#website","url":"https:\/\/qualitycaviar.se\/es\/","name":"Quality Caviar Stockholm","description":"F\u00f6rs\u00e4ljning av exklusiv caviar och l\u00f6jrom","publisher":{"@id":"https:\/\/qualitycaviar.se\/es\/#organization"},"potentialAction":[{"@type":"SearchAction","target":{"@type":"EntryPoint","urlTemplate":"https:\/\/qualitycaviar.se\/es\/?s={search_term_string}"},"query-input":{"@type":"PropertyValueSpecification","valueRequired":true,"valueName":"search_term_string"}}],"inLanguage":"es"},{"@type":"Organization","@id":"https:\/\/qualitycaviar.se\/es\/#organization","name":"Quality Caviar Stockholm","url":"https:\/\/qualitycaviar.se\/es\/","logo":{"@type":"ImageObject","inLanguage":"es","@id":"https:\/\/qualitycaviar.se\/es\/#\/schema\/logo\/image\/","url":"https:\/\/qualitycaviar.se\/wp-content\/uploads\/2022\/11\/share-image-quality-caviar.jpg","contentUrl":"https:\/\/qualitycaviar.se\/wp-content\/uploads\/2022\/11\/share-image-quality-caviar.jpg","width":1200,"height":628,"caption":"Quality Caviar Stockholm"},"image":{"@id":"https:\/\/qualitycaviar.se\/es\/#\/schema\/logo\/image\/"},"sameAs":["https:\/\/www.facebook.com\/Qualitycaviar","https:\/\/www.instagram.com\/qualitycaviar\/","https:\/\/www.youtube.com\/channel\/UCHVx2eVxrDBJctB-8Ph782A"]}]}},"_links":{"self":[{"href":"https:\/\/qualitycaviar.se\/es\/wp-json\/wp\/v2\/pages\/2158","targetHints":{"allow":["GET"]}}],"collection":[{"href":"https:\/\/qualitycaviar.se\/es\/wp-json\/wp\/v2\/pages"}],"about":[{"href":"https:\/\/qualitycaviar.se\/es\/wp-json\/wp\/v2\/types\/page"}],"author":[{"embeddable":true,"href":"https:\/\/qualitycaviar.se\/es\/wp-json\/wp\/v2\/users\/12"}],"replies":[{"embeddable":true,"href":"https:\/\/qualitycaviar.se\/es\/wp-json\/wp\/v2\/comments?post=2158"}],"version-history":[{"count":1,"href":"https:\/\/qualitycaviar.se\/es\/wp-json\/wp\/v2\/pages\/2158\/revisions"}],"predecessor-version":[{"id":2159,"href":"https:\/\/qualitycaviar.se\/es\/wp-json\/wp\/v2\/pages\/2158\/revisions\/2159"}],"wp:attachment":[{"href":"https:\/\/qualitycaviar.se\/es\/wp-json\/wp\/v2\/media?parent=2158"}],"curies":[{"name":"wp","href":"https:\/\/api.w.org\/{rel}","templated":true}]}}