{"id":2257,"date":"2024-03-29T09:44:54","date_gmt":"2024-03-29T08:44:54","guid":{"rendered":"https:\/\/qualitycaviar.se\/?post_type=product&#038;p=2257"},"modified":"2026-04-02T09:16:34","modified_gmt":"2026-04-02T07:16:34","slug":"beluga-majestic","status":"publish","type":"product","link":"https:\/\/qualitycaviar.se\/es\/produkt\/beluga-majestic\/","title":{"rendered":"BELUGA MAJESTIC ***"},"content":{"rendered":"","protected":false},"excerpt":{"rendered":"<p>\u00abUppgradera din kaviarupplevelse med v\u00e5r exklusiva Beluga Majestic Kaviar, noggrant utvald av v\u00e5ra kaviarexperter f\u00f6r att tillfredsst\u00e4lla de mest kr\u00e4sna gourmanderna. Denna kaviar h\u00e4rr\u00f6r fr\u00e5n st\u00f6rar som \u00e4r \u00f6ver 40 \u00e5r gamla och erbjuder st\u00f6rre korn \u00e4n dess imperial-klassade motsvarighet. Med en robust smak och konsistens som liknas vid skillnaden mellan ungt och mognat vin tar Imperial-kaviaren dig till nya kulinariska h\u00f6jder.<\/p>\n<p>F\u00f6r den som s\u00f6ker en f\u00f6rfinad gourmetupplevelse \u00e4r detta det ultimata valet \u2013 en kaviar som tar dig till n\u00e4sta niv\u00e5 av gastronomisk njutning. V\u00e5r kaviar kommer fr\u00e5n broodstock fish, de st\u00f6rar med b\u00e4st gener som tidigare anv\u00e4ndes f\u00f6r att avla fram nya yngel, vilket s\u00e4kerst\u00e4ller en kaviar av h\u00f6gsta kvalitet.\u00bb<\/p>\n","protected":false},"featured_media":2972,"comment_status":"closed","ping_status":"closed","template":"","meta":{"_acf_changed":false},"product_brand":[],"product_cat":[59],"product_tag":[],"class_list":{"0":"post-2257","1":"product","2":"type-product","3":"status-publish","4":"has-post-thumbnail","6":"product_cat-caviar","8":"first","9":"instock","10":"taxable","11":"shipping-taxable","12":"purchasable","13":"product-type-variable"},"acf":[],"yoast_head":"<!-- This site is optimized with the Yoast SEO plugin v25.3 - https:\/\/yoast.com\/wordpress\/plugins\/seo\/ -->\n<title>BELUGA MAJESTIC *** - Quality Caviar Stockholm<\/title>\n<meta name=\"description\" content=\"Utforska en majest\u00e4tisk smakupplevelse med Beluga Kaviar Majestic \u2013 en exklusiv delikatess som f\u00f6rkroppsligar \u00f6verd\u00e5d och f\u00f6rfining.\" \/>\n<meta name=\"robots\" content=\"index, follow, max-snippet:-1, max-image-preview:large, max-video-preview:-1\" \/>\n<link rel=\"canonical\" href=\"https:\/\/qualitycaviar.se\/es\/produkt\/beluga-majestic\/\" \/>\n<meta property=\"og:locale\" content=\"es_ES\" \/>\n<meta property=\"og:type\" content=\"article\" \/>\n<meta property=\"og:title\" content=\"BELUGA MAJESTIC *** - Quality Caviar Stockholm\" \/>\n<meta property=\"og:description\" content=\"Utforska en majest\u00e4tisk smakupplevelse med Beluga Kaviar Majestic \u2013 en exklusiv delikatess som f\u00f6rkroppsligar \u00f6verd\u00e5d och f\u00f6rfining.\" \/>\n<meta property=\"og:url\" content=\"https:\/\/qualitycaviar.se\/es\/produkt\/beluga-majestic\/\" \/>\n<meta property=\"og:site_name\" content=\"Quality Caviar Stockholm\" \/>\n<meta property=\"article:publisher\" content=\"https:\/\/www.facebook.com\/Qualitycaviar\" \/>\n<meta property=\"article:modified_time\" content=\"2026-04-02T07:16:34+00:00\" \/>\n<meta property=\"og:image\" content=\"https:\/\/qualitycaviar.se\/wp-content\/uploads\/2024\/03\/img-beluga-1.webp\" \/>\n\t<meta property=\"og:image:width\" content=\"400\" \/>\n\t<meta property=\"og:image:height\" content=\"400\" \/>\n\t<meta property=\"og:image:type\" content=\"image\/webp\" \/>\n<meta name=\"twitter:card\" content=\"summary_large_image\" \/>\n<meta name=\"twitter:label1\" content=\"Tiempo de lectura\" \/>\n\t<meta name=\"twitter:data1\" content=\"1 minuto\" \/>\n<script type=\"application\/ld+json\" class=\"yoast-schema-graph\">{\"@context\":\"https:\/\/schema.org\",\"@graph\":[{\"@type\":\"WebPage\",\"@id\":\"https:\/\/qualitycaviar.se\/es\/produkt\/beluga-majestic\/\",\"url\":\"https:\/\/qualitycaviar.se\/es\/produkt\/beluga-majestic\/\",\"name\":\"BELUGA MAJESTIC *** - Quality Caviar Stockholm\",\"isPartOf\":{\"@id\":\"https:\/\/qualitycaviar.se\/es\/#website\"},\"primaryImageOfPage\":{\"@id\":\"https:\/\/qualitycaviar.se\/es\/produkt\/beluga-majestic\/#primaryimage\"},\"image\":{\"@id\":\"https:\/\/qualitycaviar.se\/es\/produkt\/beluga-majestic\/#primaryimage\"},\"thumbnailUrl\":\"https:\/\/qualitycaviar.se\/wp-content\/uploads\/2024\/03\/img-beluga-1.webp\",\"datePublished\":\"2024-03-29T08:44:54+00:00\",\"dateModified\":\"2026-04-02T07:16:34+00:00\",\"description\":\"Utforska en majest\u00e4tisk smakupplevelse med Beluga Kaviar Majestic \u2013 en exklusiv delikatess som f\u00f6rkroppsligar \u00f6verd\u00e5d och f\u00f6rfining.\",\"breadcrumb\":{\"@id\":\"https:\/\/qualitycaviar.se\/es\/produkt\/beluga-majestic\/#breadcrumb\"},\"inLanguage\":\"es\",\"potentialAction\":[{\"@type\":\"ReadAction\",\"target\":[\"https:\/\/qualitycaviar.se\/es\/produkt\/beluga-majestic\/\"]}]},{\"@type\":\"ImageObject\",\"inLanguage\":\"es\",\"@id\":\"https:\/\/qualitycaviar.se\/es\/produkt\/beluga-majestic\/#primaryimage\",\"url\":\"https:\/\/qualitycaviar.se\/wp-content\/uploads\/2024\/03\/img-beluga-1.webp\",\"contentUrl\":\"https:\/\/qualitycaviar.se\/wp-content\/uploads\/2024\/03\/img-beluga-1.webp\",\"width\":400,\"height\":400},{\"@type\":\"BreadcrumbList\",\"@id\":\"https:\/\/qualitycaviar.se\/es\/produkt\/beluga-majestic\/#breadcrumb\",\"itemListElement\":[{\"@type\":\"ListItem\",\"position\":1,\"name\":\"Home\",\"item\":\"https:\/\/qualitycaviar.se\/es\/\"},{\"@type\":\"ListItem\",\"position\":2,\"name\":\"Butik\",\"item\":\"https:\/\/qualitycaviar.se\/butik\/\"},{\"@type\":\"ListItem\",\"position\":3,\"name\":\"BELUGA MAJESTIC ***\"}]},{\"@type\":\"WebSite\",\"@id\":\"https:\/\/qualitycaviar.se\/es\/#website\",\"url\":\"https:\/\/qualitycaviar.se\/es\/\",\"name\":\"Quality Caviar Stockholm\",\"description\":\"F\u00f6rs\u00e4ljning av exklusiv caviar och l\u00f6jrom\",\"publisher\":{\"@id\":\"https:\/\/qualitycaviar.se\/es\/#organization\"},\"potentialAction\":[{\"@type\":\"SearchAction\",\"target\":{\"@type\":\"EntryPoint\",\"urlTemplate\":\"https:\/\/qualitycaviar.se\/es\/?s={search_term_string}\"},\"query-input\":{\"@type\":\"PropertyValueSpecification\",\"valueRequired\":true,\"valueName\":\"search_term_string\"}}],\"inLanguage\":\"es\"},{\"@type\":\"Organization\",\"@id\":\"https:\/\/qualitycaviar.se\/es\/#organization\",\"name\":\"Quality Caviar Stockholm\",\"url\":\"https:\/\/qualitycaviar.se\/es\/\",\"logo\":{\"@type\":\"ImageObject\",\"inLanguage\":\"es\",\"@id\":\"https:\/\/qualitycaviar.se\/es\/#\/schema\/logo\/image\/\",\"url\":\"https:\/\/qualitycaviar.se\/wp-content\/uploads\/2022\/11\/share-image-quality-caviar.jpg\",\"contentUrl\":\"https:\/\/qualitycaviar.se\/wp-content\/uploads\/2022\/11\/share-image-quality-caviar.jpg\",\"width\":1200,\"height\":628,\"caption\":\"Quality Caviar Stockholm\"},\"image\":{\"@id\":\"https:\/\/qualitycaviar.se\/es\/#\/schema\/logo\/image\/\"},\"sameAs\":[\"https:\/\/www.facebook.com\/Qualitycaviar\",\"https:\/\/www.instagram.com\/qualitycaviar\/\",\"https:\/\/www.youtube.com\/channel\/UCHVx2eVxrDBJctB-8Ph782A\"]}]}<\/script>\n<!-- \/ Yoast SEO plugin. -->","yoast_head_json":{"title":"BELUGA MAJESTIC *** - Quality Caviar Stockholm","description":"Utforska en majest\u00e4tisk smakupplevelse med Beluga Kaviar Majestic \u2013 en exklusiv delikatess som f\u00f6rkroppsligar \u00f6verd\u00e5d och f\u00f6rfining.","robots":{"index":"index","follow":"follow","max-snippet":"max-snippet:-1","max-image-preview":"max-image-preview:large","max-video-preview":"max-video-preview:-1"},"canonical":"https:\/\/qualitycaviar.se\/es\/produkt\/beluga-majestic\/","og_locale":"es_ES","og_type":"article","og_title":"BELUGA MAJESTIC *** - Quality Caviar Stockholm","og_description":"Utforska en majest\u00e4tisk smakupplevelse med Beluga Kaviar Majestic \u2013 en exklusiv delikatess som f\u00f6rkroppsligar \u00f6verd\u00e5d och f\u00f6rfining.","og_url":"https:\/\/qualitycaviar.se\/es\/produkt\/beluga-majestic\/","og_site_name":"Quality Caviar Stockholm","article_publisher":"https:\/\/www.facebook.com\/Qualitycaviar","article_modified_time":"2026-04-02T07:16:34+00:00","og_image":[{"width":400,"height":400,"url":"https:\/\/qualitycaviar.se\/wp-content\/uploads\/2024\/03\/img-beluga-1.webp","type":"image\/webp"}],"twitter_card":"summary_large_image","twitter_misc":{"Tiempo de lectura":"1 minuto"},"schema":{"@context":"https:\/\/schema.org","@graph":[{"@type":"WebPage","@id":"https:\/\/qualitycaviar.se\/es\/produkt\/beluga-majestic\/","url":"https:\/\/qualitycaviar.se\/es\/produkt\/beluga-majestic\/","name":"BELUGA MAJESTIC *** - Quality Caviar Stockholm","isPartOf":{"@id":"https:\/\/qualitycaviar.se\/es\/#website"},"primaryImageOfPage":{"@id":"https:\/\/qualitycaviar.se\/es\/produkt\/beluga-majestic\/#primaryimage"},"image":{"@id":"https:\/\/qualitycaviar.se\/es\/produkt\/beluga-majestic\/#primaryimage"},"thumbnailUrl":"https:\/\/qualitycaviar.se\/wp-content\/uploads\/2024\/03\/img-beluga-1.webp","datePublished":"2024-03-29T08:44:54+00:00","dateModified":"2026-04-02T07:16:34+00:00","description":"Utforska en majest\u00e4tisk smakupplevelse med Beluga Kaviar Majestic \u2013 en exklusiv delikatess som f\u00f6rkroppsligar \u00f6verd\u00e5d och f\u00f6rfining.","breadcrumb":{"@id":"https:\/\/qualitycaviar.se\/es\/produkt\/beluga-majestic\/#breadcrumb"},"inLanguage":"es","potentialAction":[{"@type":"ReadAction","target":["https:\/\/qualitycaviar.se\/es\/produkt\/beluga-majestic\/"]}]},{"@type":"ImageObject","inLanguage":"es","@id":"https:\/\/qualitycaviar.se\/es\/produkt\/beluga-majestic\/#primaryimage","url":"https:\/\/qualitycaviar.se\/wp-content\/uploads\/2024\/03\/img-beluga-1.webp","contentUrl":"https:\/\/qualitycaviar.se\/wp-content\/uploads\/2024\/03\/img-beluga-1.webp","width":400,"height":400},{"@type":"BreadcrumbList","@id":"https:\/\/qualitycaviar.se\/es\/produkt\/beluga-majestic\/#breadcrumb","itemListElement":[{"@type":"ListItem","position":1,"name":"Home","item":"https:\/\/qualitycaviar.se\/es\/"},{"@type":"ListItem","position":2,"name":"Butik","item":"https:\/\/qualitycaviar.se\/butik\/"},{"@type":"ListItem","position":3,"name":"BELUGA MAJESTIC ***"}]},{"@type":"WebSite","@id":"https:\/\/qualitycaviar.se\/es\/#website","url":"https:\/\/qualitycaviar.se\/es\/","name":"Quality Caviar Stockholm","description":"F\u00f6rs\u00e4ljning av exklusiv caviar och l\u00f6jrom","publisher":{"@id":"https:\/\/qualitycaviar.se\/es\/#organization"},"potentialAction":[{"@type":"SearchAction","target":{"@type":"EntryPoint","urlTemplate":"https:\/\/qualitycaviar.se\/es\/?s={search_term_string}"},"query-input":{"@type":"PropertyValueSpecification","valueRequired":true,"valueName":"search_term_string"}}],"inLanguage":"es"},{"@type":"Organization","@id":"https:\/\/qualitycaviar.se\/es\/#organization","name":"Quality Caviar Stockholm","url":"https:\/\/qualitycaviar.se\/es\/","logo":{"@type":"ImageObject","inLanguage":"es","@id":"https:\/\/qualitycaviar.se\/es\/#\/schema\/logo\/image\/","url":"https:\/\/qualitycaviar.se\/wp-content\/uploads\/2022\/11\/share-image-quality-caviar.jpg","contentUrl":"https:\/\/qualitycaviar.se\/wp-content\/uploads\/2022\/11\/share-image-quality-caviar.jpg","width":1200,"height":628,"caption":"Quality Caviar Stockholm"},"image":{"@id":"https:\/\/qualitycaviar.se\/es\/#\/schema\/logo\/image\/"},"sameAs":["https:\/\/www.facebook.com\/Qualitycaviar","https:\/\/www.instagram.com\/qualitycaviar\/","https:\/\/www.youtube.com\/channel\/UCHVx2eVxrDBJctB-8Ph782A"]}]}},"_links":{"self":[{"href":"https:\/\/qualitycaviar.se\/es\/wp-json\/wp\/v2\/product\/2257","targetHints":{"allow":["GET"]}}],"collection":[{"href":"https:\/\/qualitycaviar.se\/es\/wp-json\/wp\/v2\/product"}],"about":[{"href":"https:\/\/qualitycaviar.se\/es\/wp-json\/wp\/v2\/types\/product"}],"replies":[{"embeddable":true,"href":"https:\/\/qualitycaviar.se\/es\/wp-json\/wp\/v2\/comments?post=2257"}],"wp:featuredmedia":[{"embeddable":true,"href":"https:\/\/qualitycaviar.se\/es\/wp-json\/wp\/v2\/media\/2972"}],"wp:attachment":[{"href":"https:\/\/qualitycaviar.se\/es\/wp-json\/wp\/v2\/media?parent=2257"}],"wp:term":[{"taxonomy":"product_brand","embeddable":true,"href":"https:\/\/qualitycaviar.se\/es\/wp-json\/wp\/v2\/product_brand?post=2257"},{"taxonomy":"product_cat","embeddable":true,"href":"https:\/\/qualitycaviar.se\/es\/wp-json\/wp\/v2\/product_cat?post=2257"},{"taxonomy":"product_tag","embeddable":true,"href":"https:\/\/qualitycaviar.se\/es\/wp-json\/wp\/v2\/product_tag?post=2257"}],"curies":[{"name":"wp","href":"https:\/\/api.w.org\/{rel}","templated":true}]}}