{"id":2401,"date":"2024-03-29T11:44:48","date_gmt":"2024-03-29T10:44:48","guid":{"rendered":"https:\/\/qualitycaviar.se\/?post_type=product&#038;p=2401"},"modified":"2026-04-26T18:57:40","modified_gmt":"2026-04-26T16:57:40","slug":"oscietra-imperial","status":"publish","type":"product","link":"https:\/\/qualitycaviar.se\/es\/produkt\/oscietra-imperial\/","title":{"rendered":"OSCIETRA IMPERIAL **"},"content":{"rendered":"","protected":false},"excerpt":{"rendered":"<p>Uppt\u00e4ck lyxen i v\u00e5r Oscietra Imperial Caviar, en skatt fr\u00e5n noggrant utvalda st\u00f6rar mellan 22-30 \u00e5r gamla. Med v\u00e5r tv\u00e5stj\u00e4rniga niv\u00e5 Imperial-klassificering erbjuder denna exklusiva kaviar en unik smakupplevelse som f\u00f6rtrollar alla sinnen. Njut av en mild s\u00e4lta som sm\u00e4lter i munnen, ackompanjerad av en distinkt n\u00f6tig smakprofil som ger en subtilt kryddig eftersmak.<\/p>\n<p>F\u00f6r en full\u00e4ndad gastronomisk upplevelse, para ihop v\u00e5r Oscietra Imperial Caviar med ett mousserande vin eller en v\u00e4lkyld vodka f\u00f6r att f\u00f6rh\u00f6ja smakerna och skapa minnesv\u00e4rda \u00f6gonblick av lyx.<\/p>\n","protected":false},"featured_media":2991,"comment_status":"closed","ping_status":"closed","template":"","meta":{"_acf_changed":false},"product_brand":[],"product_cat":[59],"product_tag":[],"class_list":{"0":"post-2401","1":"product","2":"type-product","3":"status-publish","4":"has-post-thumbnail","6":"product_cat-caviar","8":"first","9":"instock","10":"taxable","11":"shipping-taxable","12":"purchasable","13":"product-type-variable"},"acf":[],"yoast_head":"<!-- This site is optimized with the Yoast SEO plugin v25.3 - https:\/\/yoast.com\/wordpress\/plugins\/seo\/ -->\n<title>OSCIETRA IMPERIAL ** - Quality Caviar Stockholm<\/title>\n<meta name=\"description\" content=\"Utforska en v\u00e4rld av lyx och f\u00f6rfining med Oscietra kaviar \u2013 en delikatess som erbjuder en unik smakupplevelse. L\u00e4r dig mer om denna exklusiva kaviar.\" \/>\n<meta name=\"robots\" content=\"index, follow, max-snippet:-1, max-image-preview:large, max-video-preview:-1\" \/>\n<link rel=\"canonical\" href=\"https:\/\/qualitycaviar.se\/es\/produkt\/oscietra-imperial\/\" \/>\n<meta property=\"og:locale\" content=\"es_ES\" \/>\n<meta property=\"og:type\" content=\"article\" \/>\n<meta property=\"og:title\" content=\"OSCIETRA IMPERIAL ** - Quality Caviar Stockholm\" \/>\n<meta property=\"og:description\" content=\"Utforska en v\u00e4rld av lyx och f\u00f6rfining med Oscietra kaviar \u2013 en delikatess som erbjuder en unik smakupplevelse. L\u00e4r dig mer om denna exklusiva kaviar.\" \/>\n<meta property=\"og:url\" content=\"https:\/\/qualitycaviar.se\/es\/produkt\/oscietra-imperial\/\" \/>\n<meta property=\"og:site_name\" content=\"Quality Caviar Stockholm\" \/>\n<meta property=\"article:publisher\" content=\"https:\/\/www.facebook.com\/Qualitycaviar\" \/>\n<meta property=\"article:modified_time\" content=\"2026-04-26T16:57:40+00:00\" \/>\n<meta property=\"og:image\" content=\"https:\/\/qualitycaviar.se\/wp-content\/uploads\/2024\/03\/img-oscietra-caviar-1.webp\" \/>\n\t<meta property=\"og:image:width\" content=\"400\" \/>\n\t<meta property=\"og:image:height\" content=\"400\" \/>\n\t<meta property=\"og:image:type\" content=\"image\/webp\" \/>\n<meta name=\"twitter:card\" content=\"summary_large_image\" \/>\n<meta name=\"twitter:label1\" content=\"Tiempo de lectura\" \/>\n\t<meta name=\"twitter:data1\" content=\"1 minuto\" \/>\n<script type=\"application\/ld+json\" class=\"yoast-schema-graph\">{\"@context\":\"https:\/\/schema.org\",\"@graph\":[{\"@type\":\"WebPage\",\"@id\":\"https:\/\/qualitycaviar.se\/es\/produkt\/oscietra-imperial\/\",\"url\":\"https:\/\/qualitycaviar.se\/es\/produkt\/oscietra-imperial\/\",\"name\":\"OSCIETRA IMPERIAL ** - Quality Caviar Stockholm\",\"isPartOf\":{\"@id\":\"https:\/\/qualitycaviar.se\/es\/#website\"},\"primaryImageOfPage\":{\"@id\":\"https:\/\/qualitycaviar.se\/es\/produkt\/oscietra-imperial\/#primaryimage\"},\"image\":{\"@id\":\"https:\/\/qualitycaviar.se\/es\/produkt\/oscietra-imperial\/#primaryimage\"},\"thumbnailUrl\":\"https:\/\/qualitycaviar.se\/wp-content\/uploads\/2024\/03\/img-oscietra-caviar-1.webp\",\"datePublished\":\"2024-03-29T10:44:48+00:00\",\"dateModified\":\"2026-04-26T16:57:40+00:00\",\"description\":\"Utforska en v\u00e4rld av lyx och f\u00f6rfining med Oscietra kaviar \u2013 en delikatess som erbjuder en unik smakupplevelse. L\u00e4r dig mer om denna exklusiva kaviar.\",\"breadcrumb\":{\"@id\":\"https:\/\/qualitycaviar.se\/es\/produkt\/oscietra-imperial\/#breadcrumb\"},\"inLanguage\":\"es\",\"potentialAction\":[{\"@type\":\"ReadAction\",\"target\":[\"https:\/\/qualitycaviar.se\/es\/produkt\/oscietra-imperial\/\"]}]},{\"@type\":\"ImageObject\",\"inLanguage\":\"es\",\"@id\":\"https:\/\/qualitycaviar.se\/es\/produkt\/oscietra-imperial\/#primaryimage\",\"url\":\"https:\/\/qualitycaviar.se\/wp-content\/uploads\/2024\/03\/img-oscietra-caviar-1.webp\",\"contentUrl\":\"https:\/\/qualitycaviar.se\/wp-content\/uploads\/2024\/03\/img-oscietra-caviar-1.webp\",\"width\":400,\"height\":400},{\"@type\":\"BreadcrumbList\",\"@id\":\"https:\/\/qualitycaviar.se\/es\/produkt\/oscietra-imperial\/#breadcrumb\",\"itemListElement\":[{\"@type\":\"ListItem\",\"position\":1,\"name\":\"Home\",\"item\":\"https:\/\/qualitycaviar.se\/es\/\"},{\"@type\":\"ListItem\",\"position\":2,\"name\":\"Butik\",\"item\":\"https:\/\/qualitycaviar.se\/butik\/\"},{\"@type\":\"ListItem\",\"position\":3,\"name\":\"OSCIETRA IMPERIAL **\"}]},{\"@type\":\"WebSite\",\"@id\":\"https:\/\/qualitycaviar.se\/es\/#website\",\"url\":\"https:\/\/qualitycaviar.se\/es\/\",\"name\":\"Quality Caviar Stockholm\",\"description\":\"F\u00f6rs\u00e4ljning av exklusiv caviar och l\u00f6jrom\",\"publisher\":{\"@id\":\"https:\/\/qualitycaviar.se\/es\/#organization\"},\"potentialAction\":[{\"@type\":\"SearchAction\",\"target\":{\"@type\":\"EntryPoint\",\"urlTemplate\":\"https:\/\/qualitycaviar.se\/es\/?s={search_term_string}\"},\"query-input\":{\"@type\":\"PropertyValueSpecification\",\"valueRequired\":true,\"valueName\":\"search_term_string\"}}],\"inLanguage\":\"es\"},{\"@type\":\"Organization\",\"@id\":\"https:\/\/qualitycaviar.se\/es\/#organization\",\"name\":\"Quality Caviar Stockholm\",\"url\":\"https:\/\/qualitycaviar.se\/es\/\",\"logo\":{\"@type\":\"ImageObject\",\"inLanguage\":\"es\",\"@id\":\"https:\/\/qualitycaviar.se\/es\/#\/schema\/logo\/image\/\",\"url\":\"https:\/\/qualitycaviar.se\/wp-content\/uploads\/2022\/11\/share-image-quality-caviar.jpg\",\"contentUrl\":\"https:\/\/qualitycaviar.se\/wp-content\/uploads\/2022\/11\/share-image-quality-caviar.jpg\",\"width\":1200,\"height\":628,\"caption\":\"Quality Caviar Stockholm\"},\"image\":{\"@id\":\"https:\/\/qualitycaviar.se\/es\/#\/schema\/logo\/image\/\"},\"sameAs\":[\"https:\/\/www.facebook.com\/Qualitycaviar\",\"https:\/\/www.instagram.com\/qualitycaviar\/\",\"https:\/\/www.youtube.com\/channel\/UCHVx2eVxrDBJctB-8Ph782A\"]}]}<\/script>\n<!-- \/ Yoast SEO plugin. -->","yoast_head_json":{"title":"OSCIETRA IMPERIAL ** - Quality Caviar Stockholm","description":"Utforska en v\u00e4rld av lyx och f\u00f6rfining med Oscietra kaviar \u2013 en delikatess som erbjuder en unik smakupplevelse. L\u00e4r dig mer om denna exklusiva kaviar.","robots":{"index":"index","follow":"follow","max-snippet":"max-snippet:-1","max-image-preview":"max-image-preview:large","max-video-preview":"max-video-preview:-1"},"canonical":"https:\/\/qualitycaviar.se\/es\/produkt\/oscietra-imperial\/","og_locale":"es_ES","og_type":"article","og_title":"OSCIETRA IMPERIAL ** - Quality Caviar Stockholm","og_description":"Utforska en v\u00e4rld av lyx och f\u00f6rfining med Oscietra kaviar \u2013 en delikatess som erbjuder en unik smakupplevelse. L\u00e4r dig mer om denna exklusiva kaviar.","og_url":"https:\/\/qualitycaviar.se\/es\/produkt\/oscietra-imperial\/","og_site_name":"Quality Caviar Stockholm","article_publisher":"https:\/\/www.facebook.com\/Qualitycaviar","article_modified_time":"2026-04-26T16:57:40+00:00","og_image":[{"width":400,"height":400,"url":"https:\/\/qualitycaviar.se\/wp-content\/uploads\/2024\/03\/img-oscietra-caviar-1.webp","type":"image\/webp"}],"twitter_card":"summary_large_image","twitter_misc":{"Tiempo de lectura":"1 minuto"},"schema":{"@context":"https:\/\/schema.org","@graph":[{"@type":"WebPage","@id":"https:\/\/qualitycaviar.se\/es\/produkt\/oscietra-imperial\/","url":"https:\/\/qualitycaviar.se\/es\/produkt\/oscietra-imperial\/","name":"OSCIETRA IMPERIAL ** - Quality Caviar Stockholm","isPartOf":{"@id":"https:\/\/qualitycaviar.se\/es\/#website"},"primaryImageOfPage":{"@id":"https:\/\/qualitycaviar.se\/es\/produkt\/oscietra-imperial\/#primaryimage"},"image":{"@id":"https:\/\/qualitycaviar.se\/es\/produkt\/oscietra-imperial\/#primaryimage"},"thumbnailUrl":"https:\/\/qualitycaviar.se\/wp-content\/uploads\/2024\/03\/img-oscietra-caviar-1.webp","datePublished":"2024-03-29T10:44:48+00:00","dateModified":"2026-04-26T16:57:40+00:00","description":"Utforska en v\u00e4rld av lyx och f\u00f6rfining med Oscietra kaviar \u2013 en delikatess som erbjuder en unik smakupplevelse. L\u00e4r dig mer om denna exklusiva kaviar.","breadcrumb":{"@id":"https:\/\/qualitycaviar.se\/es\/produkt\/oscietra-imperial\/#breadcrumb"},"inLanguage":"es","potentialAction":[{"@type":"ReadAction","target":["https:\/\/qualitycaviar.se\/es\/produkt\/oscietra-imperial\/"]}]},{"@type":"ImageObject","inLanguage":"es","@id":"https:\/\/qualitycaviar.se\/es\/produkt\/oscietra-imperial\/#primaryimage","url":"https:\/\/qualitycaviar.se\/wp-content\/uploads\/2024\/03\/img-oscietra-caviar-1.webp","contentUrl":"https:\/\/qualitycaviar.se\/wp-content\/uploads\/2024\/03\/img-oscietra-caviar-1.webp","width":400,"height":400},{"@type":"BreadcrumbList","@id":"https:\/\/qualitycaviar.se\/es\/produkt\/oscietra-imperial\/#breadcrumb","itemListElement":[{"@type":"ListItem","position":1,"name":"Home","item":"https:\/\/qualitycaviar.se\/es\/"},{"@type":"ListItem","position":2,"name":"Butik","item":"https:\/\/qualitycaviar.se\/butik\/"},{"@type":"ListItem","position":3,"name":"OSCIETRA IMPERIAL **"}]},{"@type":"WebSite","@id":"https:\/\/qualitycaviar.se\/es\/#website","url":"https:\/\/qualitycaviar.se\/es\/","name":"Quality Caviar Stockholm","description":"F\u00f6rs\u00e4ljning av exklusiv caviar och l\u00f6jrom","publisher":{"@id":"https:\/\/qualitycaviar.se\/es\/#organization"},"potentialAction":[{"@type":"SearchAction","target":{"@type":"EntryPoint","urlTemplate":"https:\/\/qualitycaviar.se\/es\/?s={search_term_string}"},"query-input":{"@type":"PropertyValueSpecification","valueRequired":true,"valueName":"search_term_string"}}],"inLanguage":"es"},{"@type":"Organization","@id":"https:\/\/qualitycaviar.se\/es\/#organization","name":"Quality Caviar Stockholm","url":"https:\/\/qualitycaviar.se\/es\/","logo":{"@type":"ImageObject","inLanguage":"es","@id":"https:\/\/qualitycaviar.se\/es\/#\/schema\/logo\/image\/","url":"https:\/\/qualitycaviar.se\/wp-content\/uploads\/2022\/11\/share-image-quality-caviar.jpg","contentUrl":"https:\/\/qualitycaviar.se\/wp-content\/uploads\/2022\/11\/share-image-quality-caviar.jpg","width":1200,"height":628,"caption":"Quality Caviar Stockholm"},"image":{"@id":"https:\/\/qualitycaviar.se\/es\/#\/schema\/logo\/image\/"},"sameAs":["https:\/\/www.facebook.com\/Qualitycaviar","https:\/\/www.instagram.com\/qualitycaviar\/","https:\/\/www.youtube.com\/channel\/UCHVx2eVxrDBJctB-8Ph782A"]}]}},"_links":{"self":[{"href":"https:\/\/qualitycaviar.se\/es\/wp-json\/wp\/v2\/product\/2401","targetHints":{"allow":["GET"]}}],"collection":[{"href":"https:\/\/qualitycaviar.se\/es\/wp-json\/wp\/v2\/product"}],"about":[{"href":"https:\/\/qualitycaviar.se\/es\/wp-json\/wp\/v2\/types\/product"}],"replies":[{"embeddable":true,"href":"https:\/\/qualitycaviar.se\/es\/wp-json\/wp\/v2\/comments?post=2401"}],"wp:featuredmedia":[{"embeddable":true,"href":"https:\/\/qualitycaviar.se\/es\/wp-json\/wp\/v2\/media\/2991"}],"wp:attachment":[{"href":"https:\/\/qualitycaviar.se\/es\/wp-json\/wp\/v2\/media?parent=2401"}],"wp:term":[{"taxonomy":"product_brand","embeddable":true,"href":"https:\/\/qualitycaviar.se\/es\/wp-json\/wp\/v2\/product_brand?post=2401"},{"taxonomy":"product_cat","embeddable":true,"href":"https:\/\/qualitycaviar.se\/es\/wp-json\/wp\/v2\/product_cat?post=2401"},{"taxonomy":"product_tag","embeddable":true,"href":"https:\/\/qualitycaviar.se\/es\/wp-json\/wp\/v2\/product_tag?post=2401"}],"curies":[{"name":"wp","href":"https:\/\/api.w.org\/{rel}","templated":true}]}}