{"id":2551,"date":"2024-03-29T12:56:33","date_gmt":"2024-03-29T11:56:33","guid":{"rendered":"https:\/\/qualitycaviar.se\/?post_type=product&#038;p=2551"},"modified":"2026-04-02T09:49:57","modified_gmt":"2026-04-02T07:49:57","slug":"kalix-lojrom","status":"publish","type":"product","link":"https:\/\/qualitycaviar.se\/es\/produkt\/kalix-lojrom\/","title":{"rendered":"KALIX L\u00d6JROM"},"content":{"rendered":"","protected":false},"excerpt":{"rendered":"<p>Utforska en svensk delikatess med v\u00e5r Kalix L\u00f6jrom, en exklusiv kaviar som f\u00e5ngas i det sm\u00e5skaliga kustfisket i norra Bottenviken. V\u00e5r l\u00f6jrom kommer fr\u00e5n den svenska sikl\u00f6jan (Coregonus Albula) och har tilldelats den prestigefyllda Eu-utm\u00e4rkelsen Skyddad Ursprungsbeteckning (SUB).<\/p>\n<p>Med sin orange\/r\u00f6da f\u00e4rg och sm\u00e5, krispiga korn erbjuder Kalix L\u00f6jrom en l\u00e4tt salt smak och en oemotst\u00e5ndlig len konsistens. Upplev den svenska kustens delikatess och l\u00e5t Kalix L\u00f6jrom bli kronan p\u00e5 verket vid dina kulinariska upplevelser.<\/p>\n","protected":false},"featured_media":2966,"comment_status":"closed","ping_status":"closed","template":"","meta":{"_acf_changed":false},"product_brand":[],"product_cat":[57],"product_tag":[],"class_list":{"0":"post-2551","1":"product","2":"type-product","3":"status-publish","4":"has-post-thumbnail","6":"product_cat-rom","8":"first","9":"instock","10":"taxable","11":"shipping-taxable","12":"purchasable","13":"product-type-variable"},"acf":[],"yoast_head":"<!-- This site is optimized with the Yoast SEO plugin v25.3 - https:\/\/yoast.com\/wordpress\/plugins\/seo\/ -->\n<title>KALIX L\u00d6JROM - Quality Caviar Stockholm<\/title>\n<meta name=\"description\" content=\"Utforska en v\u00e4rld av lyx och f\u00f6rfining med Kalix L\u00f6jrom \u2013 en delikatess som erbjuder en unik smakupplevelse. L\u00e4r dig mer om denna exklusiva r\u00e5vara.\" \/>\n<meta name=\"robots\" content=\"index, follow, max-snippet:-1, max-image-preview:large, max-video-preview:-1\" \/>\n<link rel=\"canonical\" href=\"https:\/\/qualitycaviar.se\/es\/produkt\/kalix-lojrom\/\" \/>\n<meta property=\"og:locale\" content=\"es_ES\" \/>\n<meta property=\"og:type\" content=\"article\" \/>\n<meta property=\"og:title\" content=\"KALIX L\u00d6JROM - Quality Caviar Stockholm\" \/>\n<meta property=\"og:description\" content=\"Utforska en v\u00e4rld av lyx och f\u00f6rfining med Kalix L\u00f6jrom \u2013 en delikatess som erbjuder en unik smakupplevelse. L\u00e4r dig mer om denna exklusiva r\u00e5vara.\" \/>\n<meta property=\"og:url\" content=\"https:\/\/qualitycaviar.se\/es\/produkt\/kalix-lojrom\/\" \/>\n<meta property=\"og:site_name\" content=\"Quality Caviar Stockholm\" \/>\n<meta property=\"article:publisher\" content=\"https:\/\/www.facebook.com\/Qualitycaviar\" \/>\n<meta property=\"article:modified_time\" content=\"2026-04-02T07:49:57+00:00\" \/>\n<meta property=\"og:image\" content=\"https:\/\/qualitycaviar.se\/wp-content\/uploads\/2024\/03\/img-kalix-lojrom-1.webp\" \/>\n\t<meta property=\"og:image:width\" content=\"400\" \/>\n\t<meta property=\"og:image:height\" content=\"400\" \/>\n\t<meta property=\"og:image:type\" content=\"image\/webp\" \/>\n<meta name=\"twitter:card\" content=\"summary_large_image\" \/>\n<meta name=\"twitter:label1\" content=\"Tiempo de lectura\" \/>\n\t<meta name=\"twitter:data1\" content=\"1 minuto\" \/>\n<script type=\"application\/ld+json\" class=\"yoast-schema-graph\">{\"@context\":\"https:\/\/schema.org\",\"@graph\":[{\"@type\":\"WebPage\",\"@id\":\"https:\/\/qualitycaviar.se\/es\/produkt\/kalix-lojrom\/\",\"url\":\"https:\/\/qualitycaviar.se\/es\/produkt\/kalix-lojrom\/\",\"name\":\"KALIX L\u00d6JROM - Quality Caviar Stockholm\",\"isPartOf\":{\"@id\":\"https:\/\/qualitycaviar.se\/es\/#website\"},\"primaryImageOfPage\":{\"@id\":\"https:\/\/qualitycaviar.se\/es\/produkt\/kalix-lojrom\/#primaryimage\"},\"image\":{\"@id\":\"https:\/\/qualitycaviar.se\/es\/produkt\/kalix-lojrom\/#primaryimage\"},\"thumbnailUrl\":\"https:\/\/qualitycaviar.se\/wp-content\/uploads\/2024\/03\/img-kalix-lojrom-1.webp\",\"datePublished\":\"2024-03-29T11:56:33+00:00\",\"dateModified\":\"2026-04-02T07:49:57+00:00\",\"description\":\"Utforska en v\u00e4rld av lyx och f\u00f6rfining med Kalix L\u00f6jrom \u2013 en delikatess som erbjuder en unik smakupplevelse. L\u00e4r dig mer om denna exklusiva r\u00e5vara.\",\"breadcrumb\":{\"@id\":\"https:\/\/qualitycaviar.se\/es\/produkt\/kalix-lojrom\/#breadcrumb\"},\"inLanguage\":\"es\",\"potentialAction\":[{\"@type\":\"ReadAction\",\"target\":[\"https:\/\/qualitycaviar.se\/es\/produkt\/kalix-lojrom\/\"]}]},{\"@type\":\"ImageObject\",\"inLanguage\":\"es\",\"@id\":\"https:\/\/qualitycaviar.se\/es\/produkt\/kalix-lojrom\/#primaryimage\",\"url\":\"https:\/\/qualitycaviar.se\/wp-content\/uploads\/2024\/03\/img-kalix-lojrom-1.webp\",\"contentUrl\":\"https:\/\/qualitycaviar.se\/wp-content\/uploads\/2024\/03\/img-kalix-lojrom-1.webp\",\"width\":400,\"height\":400},{\"@type\":\"BreadcrumbList\",\"@id\":\"https:\/\/qualitycaviar.se\/es\/produkt\/kalix-lojrom\/#breadcrumb\",\"itemListElement\":[{\"@type\":\"ListItem\",\"position\":1,\"name\":\"Home\",\"item\":\"https:\/\/qualitycaviar.se\/es\/\"},{\"@type\":\"ListItem\",\"position\":2,\"name\":\"Butik\",\"item\":\"https:\/\/qualitycaviar.se\/butik\/\"},{\"@type\":\"ListItem\",\"position\":3,\"name\":\"KALIX L\u00d6JROM\"}]},{\"@type\":\"WebSite\",\"@id\":\"https:\/\/qualitycaviar.se\/es\/#website\",\"url\":\"https:\/\/qualitycaviar.se\/es\/\",\"name\":\"Quality Caviar Stockholm\",\"description\":\"F\u00f6rs\u00e4ljning av exklusiv caviar och l\u00f6jrom\",\"publisher\":{\"@id\":\"https:\/\/qualitycaviar.se\/es\/#organization\"},\"potentialAction\":[{\"@type\":\"SearchAction\",\"target\":{\"@type\":\"EntryPoint\",\"urlTemplate\":\"https:\/\/qualitycaviar.se\/es\/?s={search_term_string}\"},\"query-input\":{\"@type\":\"PropertyValueSpecification\",\"valueRequired\":true,\"valueName\":\"search_term_string\"}}],\"inLanguage\":\"es\"},{\"@type\":\"Organization\",\"@id\":\"https:\/\/qualitycaviar.se\/es\/#organization\",\"name\":\"Quality Caviar Stockholm\",\"url\":\"https:\/\/qualitycaviar.se\/es\/\",\"logo\":{\"@type\":\"ImageObject\",\"inLanguage\":\"es\",\"@id\":\"https:\/\/qualitycaviar.se\/es\/#\/schema\/logo\/image\/\",\"url\":\"https:\/\/qualitycaviar.se\/wp-content\/uploads\/2022\/11\/share-image-quality-caviar.jpg\",\"contentUrl\":\"https:\/\/qualitycaviar.se\/wp-content\/uploads\/2022\/11\/share-image-quality-caviar.jpg\",\"width\":1200,\"height\":628,\"caption\":\"Quality Caviar Stockholm\"},\"image\":{\"@id\":\"https:\/\/qualitycaviar.se\/es\/#\/schema\/logo\/image\/\"},\"sameAs\":[\"https:\/\/www.facebook.com\/Qualitycaviar\",\"https:\/\/www.instagram.com\/qualitycaviar\/\",\"https:\/\/www.youtube.com\/channel\/UCHVx2eVxrDBJctB-8Ph782A\"]}]}<\/script>\n<!-- \/ Yoast SEO plugin. -->","yoast_head_json":{"title":"KALIX L\u00d6JROM - Quality Caviar Stockholm","description":"Utforska en v\u00e4rld av lyx och f\u00f6rfining med Kalix L\u00f6jrom \u2013 en delikatess som erbjuder en unik smakupplevelse. L\u00e4r dig mer om denna exklusiva r\u00e5vara.","robots":{"index":"index","follow":"follow","max-snippet":"max-snippet:-1","max-image-preview":"max-image-preview:large","max-video-preview":"max-video-preview:-1"},"canonical":"https:\/\/qualitycaviar.se\/es\/produkt\/kalix-lojrom\/","og_locale":"es_ES","og_type":"article","og_title":"KALIX L\u00d6JROM - Quality Caviar Stockholm","og_description":"Utforska en v\u00e4rld av lyx och f\u00f6rfining med Kalix L\u00f6jrom \u2013 en delikatess som erbjuder en unik smakupplevelse. L\u00e4r dig mer om denna exklusiva r\u00e5vara.","og_url":"https:\/\/qualitycaviar.se\/es\/produkt\/kalix-lojrom\/","og_site_name":"Quality Caviar Stockholm","article_publisher":"https:\/\/www.facebook.com\/Qualitycaviar","article_modified_time":"2026-04-02T07:49:57+00:00","og_image":[{"width":400,"height":400,"url":"https:\/\/qualitycaviar.se\/wp-content\/uploads\/2024\/03\/img-kalix-lojrom-1.webp","type":"image\/webp"}],"twitter_card":"summary_large_image","twitter_misc":{"Tiempo de lectura":"1 minuto"},"schema":{"@context":"https:\/\/schema.org","@graph":[{"@type":"WebPage","@id":"https:\/\/qualitycaviar.se\/es\/produkt\/kalix-lojrom\/","url":"https:\/\/qualitycaviar.se\/es\/produkt\/kalix-lojrom\/","name":"KALIX L\u00d6JROM - Quality Caviar Stockholm","isPartOf":{"@id":"https:\/\/qualitycaviar.se\/es\/#website"},"primaryImageOfPage":{"@id":"https:\/\/qualitycaviar.se\/es\/produkt\/kalix-lojrom\/#primaryimage"},"image":{"@id":"https:\/\/qualitycaviar.se\/es\/produkt\/kalix-lojrom\/#primaryimage"},"thumbnailUrl":"https:\/\/qualitycaviar.se\/wp-content\/uploads\/2024\/03\/img-kalix-lojrom-1.webp","datePublished":"2024-03-29T11:56:33+00:00","dateModified":"2026-04-02T07:49:57+00:00","description":"Utforska en v\u00e4rld av lyx och f\u00f6rfining med Kalix L\u00f6jrom \u2013 en delikatess som erbjuder en unik smakupplevelse. L\u00e4r dig mer om denna exklusiva r\u00e5vara.","breadcrumb":{"@id":"https:\/\/qualitycaviar.se\/es\/produkt\/kalix-lojrom\/#breadcrumb"},"inLanguage":"es","potentialAction":[{"@type":"ReadAction","target":["https:\/\/qualitycaviar.se\/es\/produkt\/kalix-lojrom\/"]}]},{"@type":"ImageObject","inLanguage":"es","@id":"https:\/\/qualitycaviar.se\/es\/produkt\/kalix-lojrom\/#primaryimage","url":"https:\/\/qualitycaviar.se\/wp-content\/uploads\/2024\/03\/img-kalix-lojrom-1.webp","contentUrl":"https:\/\/qualitycaviar.se\/wp-content\/uploads\/2024\/03\/img-kalix-lojrom-1.webp","width":400,"height":400},{"@type":"BreadcrumbList","@id":"https:\/\/qualitycaviar.se\/es\/produkt\/kalix-lojrom\/#breadcrumb","itemListElement":[{"@type":"ListItem","position":1,"name":"Home","item":"https:\/\/qualitycaviar.se\/es\/"},{"@type":"ListItem","position":2,"name":"Butik","item":"https:\/\/qualitycaviar.se\/butik\/"},{"@type":"ListItem","position":3,"name":"KALIX L\u00d6JROM"}]},{"@type":"WebSite","@id":"https:\/\/qualitycaviar.se\/es\/#website","url":"https:\/\/qualitycaviar.se\/es\/","name":"Quality Caviar Stockholm","description":"F\u00f6rs\u00e4ljning av exklusiv caviar och l\u00f6jrom","publisher":{"@id":"https:\/\/qualitycaviar.se\/es\/#organization"},"potentialAction":[{"@type":"SearchAction","target":{"@type":"EntryPoint","urlTemplate":"https:\/\/qualitycaviar.se\/es\/?s={search_term_string}"},"query-input":{"@type":"PropertyValueSpecification","valueRequired":true,"valueName":"search_term_string"}}],"inLanguage":"es"},{"@type":"Organization","@id":"https:\/\/qualitycaviar.se\/es\/#organization","name":"Quality Caviar Stockholm","url":"https:\/\/qualitycaviar.se\/es\/","logo":{"@type":"ImageObject","inLanguage":"es","@id":"https:\/\/qualitycaviar.se\/es\/#\/schema\/logo\/image\/","url":"https:\/\/qualitycaviar.se\/wp-content\/uploads\/2022\/11\/share-image-quality-caviar.jpg","contentUrl":"https:\/\/qualitycaviar.se\/wp-content\/uploads\/2022\/11\/share-image-quality-caviar.jpg","width":1200,"height":628,"caption":"Quality Caviar Stockholm"},"image":{"@id":"https:\/\/qualitycaviar.se\/es\/#\/schema\/logo\/image\/"},"sameAs":["https:\/\/www.facebook.com\/Qualitycaviar","https:\/\/www.instagram.com\/qualitycaviar\/","https:\/\/www.youtube.com\/channel\/UCHVx2eVxrDBJctB-8Ph782A"]}]}},"_links":{"self":[{"href":"https:\/\/qualitycaviar.se\/es\/wp-json\/wp\/v2\/product\/2551","targetHints":{"allow":["GET"]}}],"collection":[{"href":"https:\/\/qualitycaviar.se\/es\/wp-json\/wp\/v2\/product"}],"about":[{"href":"https:\/\/qualitycaviar.se\/es\/wp-json\/wp\/v2\/types\/product"}],"replies":[{"embeddable":true,"href":"https:\/\/qualitycaviar.se\/es\/wp-json\/wp\/v2\/comments?post=2551"}],"wp:featuredmedia":[{"embeddable":true,"href":"https:\/\/qualitycaviar.se\/es\/wp-json\/wp\/v2\/media\/2966"}],"wp:attachment":[{"href":"https:\/\/qualitycaviar.se\/es\/wp-json\/wp\/v2\/media?parent=2551"}],"wp:term":[{"taxonomy":"product_brand","embeddable":true,"href":"https:\/\/qualitycaviar.se\/es\/wp-json\/wp\/v2\/product_brand?post=2551"},{"taxonomy":"product_cat","embeddable":true,"href":"https:\/\/qualitycaviar.se\/es\/wp-json\/wp\/v2\/product_cat?post=2551"},{"taxonomy":"product_tag","embeddable":true,"href":"https:\/\/qualitycaviar.se\/es\/wp-json\/wp\/v2\/product_tag?post=2551"}],"curies":[{"name":"wp","href":"https:\/\/api.w.org\/{rel}","templated":true}]}}