{"id":2784,"date":"2024-04-10T12:57:30","date_gmt":"2024-04-10T10:57:30","guid":{"rendered":"https:\/\/qualitycaviar.se\/?post_type=product&#038;p=2784"},"modified":"2025-10-07T11:40:31","modified_gmt":"2025-10-07T09:40:31","slug":"parlemorskal","status":"publish","type":"product","link":"https:\/\/qualitycaviar.se\/es\/produkt\/parlemorskal\/","title":{"rendered":"P\u00e4rlemorskal"},"content":{"rendered":"","protected":false},"excerpt":{"rendered":"<p>Uppgradera din caviarupplevelse till en ny niv\u00e5 av elegans med v\u00e5r exklusiva p\u00e4rlemorserveringssked. Skulpterad med omsorg och precision, ger den h\u00e4r lyxiga skeden en sofistikerad touch till varje serveringstillf\u00e4lle. Tillverkad av \u00e4kta p\u00e4rlemor, \u00e4r varje sked unik med sina subtila skiftningar och f\u00f6runderliga f\u00e4rger som kompletterar kaviarens rika smaker perfekt. Ge dig sj\u00e4lv och dina g\u00e4ster den ultimata gastronomiska upplevelsen med detta enast\u00e5ende tillbeh\u00f6r, designat f\u00f6r att f\u00f6rh\u00f6ja varje bit av din uts\u00f6kta caviar.\u00bb<\/p>\n","protected":false},"featured_media":2793,"comment_status":"closed","ping_status":"closed","template":"","meta":{"_acf_changed":false},"product_brand":[],"product_cat":[59,58],"product_tag":[],"class_list":{"0":"post-2784","1":"product","2":"type-product","3":"status-publish","4":"has-post-thumbnail","6":"product_cat-caviar","7":"product_cat-tillbehor","9":"first","10":"instock","11":"taxable","12":"shipping-taxable","13":"purchasable","14":"product-type-variable"},"acf":[],"yoast_head":"<!-- This site is optimized with the Yoast SEO plugin v25.3 - https:\/\/yoast.com\/wordpress\/plugins\/seo\/ -->\n<title>P\u00e4rlemorskal - Quality Caviar Stockholm<\/title>\n<meta name=\"description\" content=\"Upplev kaviarens fulla potential med v\u00e5rt exklusiva p\u00e4rlemorskal. Varje delikat p\u00e4rla av kaviar f\u00f6rtj\u00e4nar att avnjutas p\u00e5 sitt b\u00e4sta s\u00e4tt.\" \/>\n<meta name=\"robots\" content=\"index, follow, max-snippet:-1, max-image-preview:large, max-video-preview:-1\" \/>\n<link rel=\"canonical\" href=\"https:\/\/qualitycaviar.se\/es\/produkt\/parlemorskal\/\" \/>\n<meta property=\"og:locale\" content=\"es_ES\" \/>\n<meta property=\"og:type\" content=\"article\" \/>\n<meta property=\"og:title\" content=\"P\u00e4rlemorskal - Quality Caviar Stockholm\" \/>\n<meta property=\"og:description\" content=\"Upplev kaviarens fulla potential med v\u00e5rt exklusiva p\u00e4rlemorskal. Varje delikat p\u00e4rla av kaviar f\u00f6rtj\u00e4nar att avnjutas p\u00e5 sitt b\u00e4sta s\u00e4tt.\" \/>\n<meta property=\"og:url\" content=\"https:\/\/qualitycaviar.se\/es\/produkt\/parlemorskal\/\" \/>\n<meta property=\"og:site_name\" content=\"Quality Caviar Stockholm\" \/>\n<meta property=\"article:publisher\" content=\"https:\/\/www.facebook.com\/Qualitycaviar\" \/>\n<meta property=\"article:modified_time\" content=\"2025-10-07T09:40:31+00:00\" \/>\n<meta property=\"og:image\" content=\"https:\/\/qualitycaviar.se\/wp-content\/uploads\/2024\/04\/bild-pa-gult-parlemorskal-ovanifran-scaled.jpg\" \/>\n\t<meta property=\"og:image:width\" content=\"2560\" \/>\n\t<meta property=\"og:image:height\" content=\"2272\" \/>\n\t<meta property=\"og:image:type\" content=\"image\/jpeg\" \/>\n<meta name=\"twitter:card\" content=\"summary_large_image\" \/>\n<meta name=\"twitter:label1\" content=\"Tiempo de lectura\" \/>\n\t<meta name=\"twitter:data1\" content=\"1 minuto\" \/>\n<script type=\"application\/ld+json\" class=\"yoast-schema-graph\">{\"@context\":\"https:\/\/schema.org\",\"@graph\":[{\"@type\":\"WebPage\",\"@id\":\"https:\/\/qualitycaviar.se\/es\/produkt\/parlemorskal\/\",\"url\":\"https:\/\/qualitycaviar.se\/es\/produkt\/parlemorskal\/\",\"name\":\"P\u00e4rlemorskal - Quality Caviar Stockholm\",\"isPartOf\":{\"@id\":\"https:\/\/qualitycaviar.se\/es\/#website\"},\"primaryImageOfPage\":{\"@id\":\"https:\/\/qualitycaviar.se\/es\/produkt\/parlemorskal\/#primaryimage\"},\"image\":{\"@id\":\"https:\/\/qualitycaviar.se\/es\/produkt\/parlemorskal\/#primaryimage\"},\"thumbnailUrl\":\"https:\/\/qualitycaviar.se\/wp-content\/uploads\/2024\/04\/bild-pa-gult-parlemorskal-ovanifran-scaled.jpg\",\"datePublished\":\"2024-04-10T10:57:30+00:00\",\"dateModified\":\"2025-10-07T09:40:31+00:00\",\"description\":\"Upplev kaviarens fulla potential med v\u00e5rt exklusiva p\u00e4rlemorskal. Varje delikat p\u00e4rla av kaviar f\u00f6rtj\u00e4nar att avnjutas p\u00e5 sitt b\u00e4sta s\u00e4tt.\",\"breadcrumb\":{\"@id\":\"https:\/\/qualitycaviar.se\/es\/produkt\/parlemorskal\/#breadcrumb\"},\"inLanguage\":\"es\",\"potentialAction\":[{\"@type\":\"ReadAction\",\"target\":[\"https:\/\/qualitycaviar.se\/es\/produkt\/parlemorskal\/\"]}]},{\"@type\":\"ImageObject\",\"inLanguage\":\"es\",\"@id\":\"https:\/\/qualitycaviar.se\/es\/produkt\/parlemorskal\/#primaryimage\",\"url\":\"https:\/\/qualitycaviar.se\/wp-content\/uploads\/2024\/04\/bild-pa-gult-parlemorskal-ovanifran-scaled.jpg\",\"contentUrl\":\"https:\/\/qualitycaviar.se\/wp-content\/uploads\/2024\/04\/bild-pa-gult-parlemorskal-ovanifran-scaled.jpg\",\"width\":2560,\"height\":2272},{\"@type\":\"BreadcrumbList\",\"@id\":\"https:\/\/qualitycaviar.se\/es\/produkt\/parlemorskal\/#breadcrumb\",\"itemListElement\":[{\"@type\":\"ListItem\",\"position\":1,\"name\":\"Home\",\"item\":\"https:\/\/qualitycaviar.se\/es\/\"},{\"@type\":\"ListItem\",\"position\":2,\"name\":\"Butik\",\"item\":\"https:\/\/qualitycaviar.se\/butik\/\"},{\"@type\":\"ListItem\",\"position\":3,\"name\":\"P\u00e4rlemorskal\"}]},{\"@type\":\"WebSite\",\"@id\":\"https:\/\/qualitycaviar.se\/es\/#website\",\"url\":\"https:\/\/qualitycaviar.se\/es\/\",\"name\":\"Quality Caviar Stockholm\",\"description\":\"F\u00f6rs\u00e4ljning av exklusiv caviar och l\u00f6jrom\",\"publisher\":{\"@id\":\"https:\/\/qualitycaviar.se\/es\/#organization\"},\"potentialAction\":[{\"@type\":\"SearchAction\",\"target\":{\"@type\":\"EntryPoint\",\"urlTemplate\":\"https:\/\/qualitycaviar.se\/es\/?s={search_term_string}\"},\"query-input\":{\"@type\":\"PropertyValueSpecification\",\"valueRequired\":true,\"valueName\":\"search_term_string\"}}],\"inLanguage\":\"es\"},{\"@type\":\"Organization\",\"@id\":\"https:\/\/qualitycaviar.se\/es\/#organization\",\"name\":\"Quality Caviar Stockholm\",\"url\":\"https:\/\/qualitycaviar.se\/es\/\",\"logo\":{\"@type\":\"ImageObject\",\"inLanguage\":\"es\",\"@id\":\"https:\/\/qualitycaviar.se\/es\/#\/schema\/logo\/image\/\",\"url\":\"https:\/\/qualitycaviar.se\/wp-content\/uploads\/2022\/11\/share-image-quality-caviar.jpg\",\"contentUrl\":\"https:\/\/qualitycaviar.se\/wp-content\/uploads\/2022\/11\/share-image-quality-caviar.jpg\",\"width\":1200,\"height\":628,\"caption\":\"Quality Caviar Stockholm\"},\"image\":{\"@id\":\"https:\/\/qualitycaviar.se\/es\/#\/schema\/logo\/image\/\"},\"sameAs\":[\"https:\/\/www.facebook.com\/Qualitycaviar\",\"https:\/\/www.instagram.com\/qualitycaviar\/\",\"https:\/\/www.youtube.com\/channel\/UCHVx2eVxrDBJctB-8Ph782A\"]}]}<\/script>\n<!-- \/ Yoast SEO plugin. -->","yoast_head_json":{"title":"P\u00e4rlemorskal - Quality Caviar Stockholm","description":"Upplev kaviarens fulla potential med v\u00e5rt exklusiva p\u00e4rlemorskal. Varje delikat p\u00e4rla av kaviar f\u00f6rtj\u00e4nar att avnjutas p\u00e5 sitt b\u00e4sta s\u00e4tt.","robots":{"index":"index","follow":"follow","max-snippet":"max-snippet:-1","max-image-preview":"max-image-preview:large","max-video-preview":"max-video-preview:-1"},"canonical":"https:\/\/qualitycaviar.se\/es\/produkt\/parlemorskal\/","og_locale":"es_ES","og_type":"article","og_title":"P\u00e4rlemorskal - Quality Caviar Stockholm","og_description":"Upplev kaviarens fulla potential med v\u00e5rt exklusiva p\u00e4rlemorskal. Varje delikat p\u00e4rla av kaviar f\u00f6rtj\u00e4nar att avnjutas p\u00e5 sitt b\u00e4sta s\u00e4tt.","og_url":"https:\/\/qualitycaviar.se\/es\/produkt\/parlemorskal\/","og_site_name":"Quality Caviar Stockholm","article_publisher":"https:\/\/www.facebook.com\/Qualitycaviar","article_modified_time":"2025-10-07T09:40:31+00:00","og_image":[{"width":2560,"height":2272,"url":"https:\/\/qualitycaviar.se\/wp-content\/uploads\/2024\/04\/bild-pa-gult-parlemorskal-ovanifran-scaled.jpg","type":"image\/jpeg"}],"twitter_card":"summary_large_image","twitter_misc":{"Tiempo de lectura":"1 minuto"},"schema":{"@context":"https:\/\/schema.org","@graph":[{"@type":"WebPage","@id":"https:\/\/qualitycaviar.se\/es\/produkt\/parlemorskal\/","url":"https:\/\/qualitycaviar.se\/es\/produkt\/parlemorskal\/","name":"P\u00e4rlemorskal - Quality Caviar Stockholm","isPartOf":{"@id":"https:\/\/qualitycaviar.se\/es\/#website"},"primaryImageOfPage":{"@id":"https:\/\/qualitycaviar.se\/es\/produkt\/parlemorskal\/#primaryimage"},"image":{"@id":"https:\/\/qualitycaviar.se\/es\/produkt\/parlemorskal\/#primaryimage"},"thumbnailUrl":"https:\/\/qualitycaviar.se\/wp-content\/uploads\/2024\/04\/bild-pa-gult-parlemorskal-ovanifran-scaled.jpg","datePublished":"2024-04-10T10:57:30+00:00","dateModified":"2025-10-07T09:40:31+00:00","description":"Upplev kaviarens fulla potential med v\u00e5rt exklusiva p\u00e4rlemorskal. Varje delikat p\u00e4rla av kaviar f\u00f6rtj\u00e4nar att avnjutas p\u00e5 sitt b\u00e4sta s\u00e4tt.","breadcrumb":{"@id":"https:\/\/qualitycaviar.se\/es\/produkt\/parlemorskal\/#breadcrumb"},"inLanguage":"es","potentialAction":[{"@type":"ReadAction","target":["https:\/\/qualitycaviar.se\/es\/produkt\/parlemorskal\/"]}]},{"@type":"ImageObject","inLanguage":"es","@id":"https:\/\/qualitycaviar.se\/es\/produkt\/parlemorskal\/#primaryimage","url":"https:\/\/qualitycaviar.se\/wp-content\/uploads\/2024\/04\/bild-pa-gult-parlemorskal-ovanifran-scaled.jpg","contentUrl":"https:\/\/qualitycaviar.se\/wp-content\/uploads\/2024\/04\/bild-pa-gult-parlemorskal-ovanifran-scaled.jpg","width":2560,"height":2272},{"@type":"BreadcrumbList","@id":"https:\/\/qualitycaviar.se\/es\/produkt\/parlemorskal\/#breadcrumb","itemListElement":[{"@type":"ListItem","position":1,"name":"Home","item":"https:\/\/qualitycaviar.se\/es\/"},{"@type":"ListItem","position":2,"name":"Butik","item":"https:\/\/qualitycaviar.se\/butik\/"},{"@type":"ListItem","position":3,"name":"P\u00e4rlemorskal"}]},{"@type":"WebSite","@id":"https:\/\/qualitycaviar.se\/es\/#website","url":"https:\/\/qualitycaviar.se\/es\/","name":"Quality Caviar Stockholm","description":"F\u00f6rs\u00e4ljning av exklusiv caviar och l\u00f6jrom","publisher":{"@id":"https:\/\/qualitycaviar.se\/es\/#organization"},"potentialAction":[{"@type":"SearchAction","target":{"@type":"EntryPoint","urlTemplate":"https:\/\/qualitycaviar.se\/es\/?s={search_term_string}"},"query-input":{"@type":"PropertyValueSpecification","valueRequired":true,"valueName":"search_term_string"}}],"inLanguage":"es"},{"@type":"Organization","@id":"https:\/\/qualitycaviar.se\/es\/#organization","name":"Quality Caviar Stockholm","url":"https:\/\/qualitycaviar.se\/es\/","logo":{"@type":"ImageObject","inLanguage":"es","@id":"https:\/\/qualitycaviar.se\/es\/#\/schema\/logo\/image\/","url":"https:\/\/qualitycaviar.se\/wp-content\/uploads\/2022\/11\/share-image-quality-caviar.jpg","contentUrl":"https:\/\/qualitycaviar.se\/wp-content\/uploads\/2022\/11\/share-image-quality-caviar.jpg","width":1200,"height":628,"caption":"Quality Caviar Stockholm"},"image":{"@id":"https:\/\/qualitycaviar.se\/es\/#\/schema\/logo\/image\/"},"sameAs":["https:\/\/www.facebook.com\/Qualitycaviar","https:\/\/www.instagram.com\/qualitycaviar\/","https:\/\/www.youtube.com\/channel\/UCHVx2eVxrDBJctB-8Ph782A"]}]}},"_links":{"self":[{"href":"https:\/\/qualitycaviar.se\/es\/wp-json\/wp\/v2\/product\/2784","targetHints":{"allow":["GET"]}}],"collection":[{"href":"https:\/\/qualitycaviar.se\/es\/wp-json\/wp\/v2\/product"}],"about":[{"href":"https:\/\/qualitycaviar.se\/es\/wp-json\/wp\/v2\/types\/product"}],"replies":[{"embeddable":true,"href":"https:\/\/qualitycaviar.se\/es\/wp-json\/wp\/v2\/comments?post=2784"}],"wp:featuredmedia":[{"embeddable":true,"href":"https:\/\/qualitycaviar.se\/es\/wp-json\/wp\/v2\/media\/2793"}],"wp:attachment":[{"href":"https:\/\/qualitycaviar.se\/es\/wp-json\/wp\/v2\/media?parent=2784"}],"wp:term":[{"taxonomy":"product_brand","embeddable":true,"href":"https:\/\/qualitycaviar.se\/es\/wp-json\/wp\/v2\/product_brand?post=2784"},{"taxonomy":"product_cat","embeddable":true,"href":"https:\/\/qualitycaviar.se\/es\/wp-json\/wp\/v2\/product_cat?post=2784"},{"taxonomy":"product_tag","embeddable":true,"href":"https:\/\/qualitycaviar.se\/es\/wp-json\/wp\/v2\/product_tag?post=2784"}],"curies":[{"name":"wp","href":"https:\/\/api.w.org\/{rel}","templated":true}]}}