{"id":2841,"date":"2024-04-10T14:28:20","date_gmt":"2024-04-10T12:28:20","guid":{"rendered":"https:\/\/qualitycaviar.se\/?post_type=product&#038;p=2841"},"modified":"2026-02-28T15:54:50","modified_gmt":"2026-02-28T14:54:50","slug":"quality-caviar-stockholm-presentlada","status":"publish","type":"product","link":"https:\/\/qualitycaviar.se\/es\/produkt\/quality-caviar-stockholm-presentlada\/","title":{"rendered":"Presentl\u00e5da"},"content":{"rendered":"","protected":false},"excerpt":{"rendered":"<p>Letar du efter en lyxig och sofistikerad present? Quality Caviars Stockholm Presentl\u00e5da \u00e4r den ultimata g\u00e5van f\u00f6r finsmakare och caviarentusiaster. Denna eleganta presentl\u00e5da \u00e4r designad f\u00f6r att ge en full\u00e4ndad caviareupplevelse.<\/p>\n","protected":false},"featured_media":2863,"comment_status":"closed","ping_status":"closed","template":"","meta":{"_acf_changed":false},"product_brand":[],"product_cat":[59,58],"product_tag":[],"class_list":{"0":"post-2841","1":"product","2":"type-product","3":"status-publish","4":"has-post-thumbnail","6":"product_cat-caviar","7":"product_cat-tillbehor","9":"first","10":"instock","11":"taxable","12":"shipping-taxable","13":"purchasable","14":"product-type-variable"},"acf":[],"yoast_head":"<!-- This site is optimized with the Yoast SEO plugin v25.3 - https:\/\/yoast.com\/wordpress\/plugins\/seo\/ -->\n<title>Presentl\u00e5da - Quality Caviar Stockholm<\/title>\n<meta name=\"description\" content=\"Qualityc Caviars Stockholm Presentl\u00e5da \u00e4r den ultimata g\u00e5van f\u00f6r finsmakare och caviarentusiaster. Designad f\u00f6r att ge en full\u00e4ndad caviareupplevelse.\" \/>\n<meta name=\"robots\" content=\"index, follow, max-snippet:-1, max-image-preview:large, max-video-preview:-1\" \/>\n<link rel=\"canonical\" href=\"https:\/\/qualitycaviar.se\/es\/produkt\/quality-caviar-stockholm-presentlada\/\" \/>\n<meta property=\"og:locale\" content=\"es_ES\" \/>\n<meta property=\"og:type\" content=\"article\" \/>\n<meta property=\"og:title\" content=\"Presentl\u00e5da - Quality Caviar Stockholm\" \/>\n<meta property=\"og:description\" content=\"Qualityc Caviars Stockholm Presentl\u00e5da \u00e4r den ultimata g\u00e5van f\u00f6r finsmakare och caviarentusiaster. Designad f\u00f6r att ge en full\u00e4ndad caviareupplevelse.\" \/>\n<meta property=\"og:url\" content=\"https:\/\/qualitycaviar.se\/es\/produkt\/quality-caviar-stockholm-presentlada\/\" \/>\n<meta property=\"og:site_name\" content=\"Quality Caviar Stockholm\" \/>\n<meta property=\"article:publisher\" content=\"https:\/\/www.facebook.com\/Qualitycaviar\" \/>\n<meta property=\"article:modified_time\" content=\"2026-02-28T14:54:50+00:00\" \/>\n<meta property=\"og:image\" content=\"https:\/\/qualitycaviar.se\/wp-content\/uploads\/2024\/04\/dsc8585-qualitycaviar-fotografanderses-scaled.jpg\" \/>\n\t<meta property=\"og:image:width\" content=\"2560\" \/>\n\t<meta property=\"og:image:height\" content=\"1709\" \/>\n\t<meta property=\"og:image:type\" content=\"image\/jpeg\" \/>\n<meta name=\"twitter:card\" content=\"summary_large_image\" \/>\n<meta name=\"twitter:label1\" content=\"Tiempo de lectura\" \/>\n\t<meta name=\"twitter:data1\" content=\"2 minutos\" \/>\n<script type=\"application\/ld+json\" class=\"yoast-schema-graph\">{\"@context\":\"https:\/\/schema.org\",\"@graph\":[{\"@type\":\"WebPage\",\"@id\":\"https:\/\/qualitycaviar.se\/es\/produkt\/quality-caviar-stockholm-presentlada\/\",\"url\":\"https:\/\/qualitycaviar.se\/es\/produkt\/quality-caviar-stockholm-presentlada\/\",\"name\":\"Presentl\u00e5da - Quality Caviar Stockholm\",\"isPartOf\":{\"@id\":\"https:\/\/qualitycaviar.se\/es\/#website\"},\"primaryImageOfPage\":{\"@id\":\"https:\/\/qualitycaviar.se\/es\/produkt\/quality-caviar-stockholm-presentlada\/#primaryimage\"},\"image\":{\"@id\":\"https:\/\/qualitycaviar.se\/es\/produkt\/quality-caviar-stockholm-presentlada\/#primaryimage\"},\"thumbnailUrl\":\"https:\/\/qualitycaviar.se\/wp-content\/uploads\/2024\/04\/dsc8585-qualitycaviar-fotografanderses-scaled.jpg\",\"datePublished\":\"2024-04-10T12:28:20+00:00\",\"dateModified\":\"2026-02-28T14:54:50+00:00\",\"description\":\"Qualityc Caviars Stockholm Presentl\u00e5da \u00e4r den ultimata g\u00e5van f\u00f6r finsmakare och caviarentusiaster. Designad f\u00f6r att ge en full\u00e4ndad caviareupplevelse.\",\"breadcrumb\":{\"@id\":\"https:\/\/qualitycaviar.se\/es\/produkt\/quality-caviar-stockholm-presentlada\/#breadcrumb\"},\"inLanguage\":\"es\",\"potentialAction\":[{\"@type\":\"ReadAction\",\"target\":[\"https:\/\/qualitycaviar.se\/es\/produkt\/quality-caviar-stockholm-presentlada\/\"]}]},{\"@type\":\"ImageObject\",\"inLanguage\":\"es\",\"@id\":\"https:\/\/qualitycaviar.se\/es\/produkt\/quality-caviar-stockholm-presentlada\/#primaryimage\",\"url\":\"https:\/\/qualitycaviar.se\/wp-content\/uploads\/2024\/04\/dsc8585-qualitycaviar-fotografanderses-scaled.jpg\",\"contentUrl\":\"https:\/\/qualitycaviar.se\/wp-content\/uploads\/2024\/04\/dsc8585-qualitycaviar-fotografanderses-scaled.jpg\",\"width\":2560,\"height\":1709,\"caption\":\"Quality Caviar Presentl\u00e5da utan lcd\"},{\"@type\":\"BreadcrumbList\",\"@id\":\"https:\/\/qualitycaviar.se\/es\/produkt\/quality-caviar-stockholm-presentlada\/#breadcrumb\",\"itemListElement\":[{\"@type\":\"ListItem\",\"position\":1,\"name\":\"Home\",\"item\":\"https:\/\/qualitycaviar.se\/es\/\"},{\"@type\":\"ListItem\",\"position\":2,\"name\":\"Butik\",\"item\":\"https:\/\/qualitycaviar.se\/butik\/\"},{\"@type\":\"ListItem\",\"position\":3,\"name\":\"Presentl\u00e5da\"}]},{\"@type\":\"WebSite\",\"@id\":\"https:\/\/qualitycaviar.se\/es\/#website\",\"url\":\"https:\/\/qualitycaviar.se\/es\/\",\"name\":\"Quality Caviar Stockholm\",\"description\":\"F\u00f6rs\u00e4ljning av exklusiv caviar och l\u00f6jrom\",\"publisher\":{\"@id\":\"https:\/\/qualitycaviar.se\/es\/#organization\"},\"potentialAction\":[{\"@type\":\"SearchAction\",\"target\":{\"@type\":\"EntryPoint\",\"urlTemplate\":\"https:\/\/qualitycaviar.se\/es\/?s={search_term_string}\"},\"query-input\":{\"@type\":\"PropertyValueSpecification\",\"valueRequired\":true,\"valueName\":\"search_term_string\"}}],\"inLanguage\":\"es\"},{\"@type\":\"Organization\",\"@id\":\"https:\/\/qualitycaviar.se\/es\/#organization\",\"name\":\"Quality Caviar Stockholm\",\"url\":\"https:\/\/qualitycaviar.se\/es\/\",\"logo\":{\"@type\":\"ImageObject\",\"inLanguage\":\"es\",\"@id\":\"https:\/\/qualitycaviar.se\/es\/#\/schema\/logo\/image\/\",\"url\":\"https:\/\/qualitycaviar.se\/wp-content\/uploads\/2022\/11\/share-image-quality-caviar.jpg\",\"contentUrl\":\"https:\/\/qualitycaviar.se\/wp-content\/uploads\/2022\/11\/share-image-quality-caviar.jpg\",\"width\":1200,\"height\":628,\"caption\":\"Quality Caviar Stockholm\"},\"image\":{\"@id\":\"https:\/\/qualitycaviar.se\/es\/#\/schema\/logo\/image\/\"},\"sameAs\":[\"https:\/\/www.facebook.com\/Qualitycaviar\",\"https:\/\/www.instagram.com\/qualitycaviar\/\",\"https:\/\/www.youtube.com\/channel\/UCHVx2eVxrDBJctB-8Ph782A\"]}]}<\/script>\n<!-- \/ Yoast SEO plugin. -->","yoast_head_json":{"title":"Presentl\u00e5da - Quality Caviar Stockholm","description":"Qualityc Caviars Stockholm Presentl\u00e5da \u00e4r den ultimata g\u00e5van f\u00f6r finsmakare och caviarentusiaster. Designad f\u00f6r att ge en full\u00e4ndad caviareupplevelse.","robots":{"index":"index","follow":"follow","max-snippet":"max-snippet:-1","max-image-preview":"max-image-preview:large","max-video-preview":"max-video-preview:-1"},"canonical":"https:\/\/qualitycaviar.se\/es\/produkt\/quality-caviar-stockholm-presentlada\/","og_locale":"es_ES","og_type":"article","og_title":"Presentl\u00e5da - Quality Caviar Stockholm","og_description":"Qualityc Caviars Stockholm Presentl\u00e5da \u00e4r den ultimata g\u00e5van f\u00f6r finsmakare och caviarentusiaster. Designad f\u00f6r att ge en full\u00e4ndad caviareupplevelse.","og_url":"https:\/\/qualitycaviar.se\/es\/produkt\/quality-caviar-stockholm-presentlada\/","og_site_name":"Quality Caviar Stockholm","article_publisher":"https:\/\/www.facebook.com\/Qualitycaviar","article_modified_time":"2026-02-28T14:54:50+00:00","og_image":[{"width":2560,"height":1709,"url":"https:\/\/qualitycaviar.se\/wp-content\/uploads\/2024\/04\/dsc8585-qualitycaviar-fotografanderses-scaled.jpg","type":"image\/jpeg"}],"twitter_card":"summary_large_image","twitter_misc":{"Tiempo de lectura":"2 minutos"},"schema":{"@context":"https:\/\/schema.org","@graph":[{"@type":"WebPage","@id":"https:\/\/qualitycaviar.se\/es\/produkt\/quality-caviar-stockholm-presentlada\/","url":"https:\/\/qualitycaviar.se\/es\/produkt\/quality-caviar-stockholm-presentlada\/","name":"Presentl\u00e5da - Quality Caviar Stockholm","isPartOf":{"@id":"https:\/\/qualitycaviar.se\/es\/#website"},"primaryImageOfPage":{"@id":"https:\/\/qualitycaviar.se\/es\/produkt\/quality-caviar-stockholm-presentlada\/#primaryimage"},"image":{"@id":"https:\/\/qualitycaviar.se\/es\/produkt\/quality-caviar-stockholm-presentlada\/#primaryimage"},"thumbnailUrl":"https:\/\/qualitycaviar.se\/wp-content\/uploads\/2024\/04\/dsc8585-qualitycaviar-fotografanderses-scaled.jpg","datePublished":"2024-04-10T12:28:20+00:00","dateModified":"2026-02-28T14:54:50+00:00","description":"Qualityc Caviars Stockholm Presentl\u00e5da \u00e4r den ultimata g\u00e5van f\u00f6r finsmakare och caviarentusiaster. Designad f\u00f6r att ge en full\u00e4ndad caviareupplevelse.","breadcrumb":{"@id":"https:\/\/qualitycaviar.se\/es\/produkt\/quality-caviar-stockholm-presentlada\/#breadcrumb"},"inLanguage":"es","potentialAction":[{"@type":"ReadAction","target":["https:\/\/qualitycaviar.se\/es\/produkt\/quality-caviar-stockholm-presentlada\/"]}]},{"@type":"ImageObject","inLanguage":"es","@id":"https:\/\/qualitycaviar.se\/es\/produkt\/quality-caviar-stockholm-presentlada\/#primaryimage","url":"https:\/\/qualitycaviar.se\/wp-content\/uploads\/2024\/04\/dsc8585-qualitycaviar-fotografanderses-scaled.jpg","contentUrl":"https:\/\/qualitycaviar.se\/wp-content\/uploads\/2024\/04\/dsc8585-qualitycaviar-fotografanderses-scaled.jpg","width":2560,"height":1709,"caption":"Quality Caviar Presentl\u00e5da utan lcd"},{"@type":"BreadcrumbList","@id":"https:\/\/qualitycaviar.se\/es\/produkt\/quality-caviar-stockholm-presentlada\/#breadcrumb","itemListElement":[{"@type":"ListItem","position":1,"name":"Home","item":"https:\/\/qualitycaviar.se\/es\/"},{"@type":"ListItem","position":2,"name":"Butik","item":"https:\/\/qualitycaviar.se\/butik\/"},{"@type":"ListItem","position":3,"name":"Presentl\u00e5da"}]},{"@type":"WebSite","@id":"https:\/\/qualitycaviar.se\/es\/#website","url":"https:\/\/qualitycaviar.se\/es\/","name":"Quality Caviar Stockholm","description":"F\u00f6rs\u00e4ljning av exklusiv caviar och l\u00f6jrom","publisher":{"@id":"https:\/\/qualitycaviar.se\/es\/#organization"},"potentialAction":[{"@type":"SearchAction","target":{"@type":"EntryPoint","urlTemplate":"https:\/\/qualitycaviar.se\/es\/?s={search_term_string}"},"query-input":{"@type":"PropertyValueSpecification","valueRequired":true,"valueName":"search_term_string"}}],"inLanguage":"es"},{"@type":"Organization","@id":"https:\/\/qualitycaviar.se\/es\/#organization","name":"Quality Caviar Stockholm","url":"https:\/\/qualitycaviar.se\/es\/","logo":{"@type":"ImageObject","inLanguage":"es","@id":"https:\/\/qualitycaviar.se\/es\/#\/schema\/logo\/image\/","url":"https:\/\/qualitycaviar.se\/wp-content\/uploads\/2022\/11\/share-image-quality-caviar.jpg","contentUrl":"https:\/\/qualitycaviar.se\/wp-content\/uploads\/2022\/11\/share-image-quality-caviar.jpg","width":1200,"height":628,"caption":"Quality Caviar Stockholm"},"image":{"@id":"https:\/\/qualitycaviar.se\/es\/#\/schema\/logo\/image\/"},"sameAs":["https:\/\/www.facebook.com\/Qualitycaviar","https:\/\/www.instagram.com\/qualitycaviar\/","https:\/\/www.youtube.com\/channel\/UCHVx2eVxrDBJctB-8Ph782A"]}]}},"_links":{"self":[{"href":"https:\/\/qualitycaviar.se\/es\/wp-json\/wp\/v2\/product\/2841","targetHints":{"allow":["GET"]}}],"collection":[{"href":"https:\/\/qualitycaviar.se\/es\/wp-json\/wp\/v2\/product"}],"about":[{"href":"https:\/\/qualitycaviar.se\/es\/wp-json\/wp\/v2\/types\/product"}],"replies":[{"embeddable":true,"href":"https:\/\/qualitycaviar.se\/es\/wp-json\/wp\/v2\/comments?post=2841"}],"wp:featuredmedia":[{"embeddable":true,"href":"https:\/\/qualitycaviar.se\/es\/wp-json\/wp\/v2\/media\/2863"}],"wp:attachment":[{"href":"https:\/\/qualitycaviar.se\/es\/wp-json\/wp\/v2\/media?parent=2841"}],"wp:term":[{"taxonomy":"product_brand","embeddable":true,"href":"https:\/\/qualitycaviar.se\/es\/wp-json\/wp\/v2\/product_brand?post=2841"},{"taxonomy":"product_cat","embeddable":true,"href":"https:\/\/qualitycaviar.se\/es\/wp-json\/wp\/v2\/product_cat?post=2841"},{"taxonomy":"product_tag","embeddable":true,"href":"https:\/\/qualitycaviar.se\/es\/wp-json\/wp\/v2\/product_tag?post=2841"}],"curies":[{"name":"wp","href":"https:\/\/api.w.org\/{rel}","templated":true}]}}