{"id":3351,"date":"2025-04-14T17:36:36","date_gmt":"2025-04-14T15:36:36","guid":{"rendered":"https:\/\/qualitycaviar.se\/?post_type=product&#038;p=3351"},"modified":"2026-04-29T17:30:22","modified_gmt":"2026-04-29T15:30:22","slug":"blinier","status":"publish","type":"product","link":"https:\/\/qualitycaviar.se\/es\/produkt\/blinier\/","title":{"rendered":"Franska Blinier 16-pack"},"content":{"rendered":"","protected":false},"excerpt":{"rendered":"<p>V\u00e4lkommen till v\u00e5r hemsida d\u00e4r vi presenterar de mest uts\u00f6kta franska blinierna, perfekta f\u00f6r att komplettera din l\u00f6jrom eller caviar. V\u00e5ra blinier \u00e4r tillverkade enligt traditionella franska recept f\u00f6r att s\u00e4kerst\u00e4lla en autentisk smakupplevelse som kommer att f\u00f6rh\u00f6ja din gastronomiska njutning. Med sin mjuka textur och subtila smak \u00e4r v\u00e5ra blinier det idealiska valet f\u00f6r att skapa eleganta och smakfulla aptitretare. Utforska v\u00e5rt sortiment idag och ta din l\u00f6jrom- eller caviarupplevelse till n\u00e4sta niv\u00e5 med v\u00e5ra franska blinier. Best\u00e4ll nu f\u00f6r att f\u00e5 dessa delikatesser levererade direkt till din d\u00f6rr!<\/p>\n","protected":false},"featured_media":2628,"comment_status":"closed","ping_status":"closed","template":"","meta":{"_acf_changed":false},"product_brand":[],"product_cat":[59,57,58],"product_tag":[],"class_list":{"0":"post-3351","1":"product","2":"type-product","3":"status-publish","4":"has-post-thumbnail","6":"product_cat-caviar","7":"product_cat-rom","8":"product_cat-tillbehor","10":"first","11":"instock","12":"taxable","13":"shipping-taxable","14":"purchasable","15":"product-type-simple"},"acf":[],"yoast_head":"<!-- This site is optimized with the Yoast SEO plugin v25.3 - https:\/\/yoast.com\/wordpress\/plugins\/seo\/ -->\n<title>Franska Blinier 16-pack - Quality Caviar Stockholm<\/title>\n<meta name=\"description\" content=\"Utforska en v\u00e4rld av lyx och f\u00f6rfining med Bottenviken L\u00f6jrom \u2013 en delikatess som erbjuder en unik smakupplevelse. L\u00e4r dig mer om denna exklusiva r\u00e5vara.\" \/>\n<meta name=\"robots\" content=\"index, follow, max-snippet:-1, max-image-preview:large, max-video-preview:-1\" \/>\n<link rel=\"canonical\" href=\"https:\/\/qualitycaviar.se\/es\/produkt\/blinier\/\" \/>\n<meta property=\"og:locale\" content=\"es_ES\" \/>\n<meta property=\"og:type\" content=\"article\" \/>\n<meta property=\"og:title\" content=\"Franska Blinier 16-pack - Quality Caviar Stockholm\" \/>\n<meta property=\"og:description\" content=\"Utforska en v\u00e4rld av lyx och f\u00f6rfining med Bottenviken L\u00f6jrom \u2013 en delikatess som erbjuder en unik smakupplevelse. L\u00e4r dig mer om denna exklusiva r\u00e5vara.\" \/>\n<meta property=\"og:url\" content=\"https:\/\/qualitycaviar.se\/es\/produkt\/blinier\/\" \/>\n<meta property=\"og:site_name\" content=\"Quality Caviar Stockholm\" \/>\n<meta property=\"article:publisher\" content=\"https:\/\/www.facebook.com\/Qualitycaviar\" \/>\n<meta property=\"article:modified_time\" content=\"2026-04-29T15:30:22+00:00\" \/>\n<meta property=\"og:image\" content=\"https:\/\/qualitycaviar.se\/wp-content\/uploads\/2024\/03\/qc-nationaldag9.jpg\" \/>\n\t<meta property=\"og:image:width\" content=\"1366\" \/>\n\t<meta property=\"og:image:height\" content=\"2048\" \/>\n\t<meta property=\"og:image:type\" content=\"image\/jpeg\" \/>\n<meta name=\"twitter:card\" content=\"summary_large_image\" \/>\n<meta name=\"twitter:label1\" content=\"Tiempo de lectura\" \/>\n\t<meta name=\"twitter:data1\" content=\"1 minuto\" \/>\n<script type=\"application\/ld+json\" class=\"yoast-schema-graph\">{\"@context\":\"https:\/\/schema.org\",\"@graph\":[{\"@type\":\"WebPage\",\"@id\":\"https:\/\/qualitycaviar.se\/es\/produkt\/blinier\/\",\"url\":\"https:\/\/qualitycaviar.se\/es\/produkt\/blinier\/\",\"name\":\"Franska Blinier 16-pack - Quality Caviar Stockholm\",\"isPartOf\":{\"@id\":\"https:\/\/qualitycaviar.se\/es\/#website\"},\"primaryImageOfPage\":{\"@id\":\"https:\/\/qualitycaviar.se\/es\/produkt\/blinier\/#primaryimage\"},\"image\":{\"@id\":\"https:\/\/qualitycaviar.se\/es\/produkt\/blinier\/#primaryimage\"},\"thumbnailUrl\":\"https:\/\/qualitycaviar.se\/wp-content\/uploads\/2024\/03\/qc-nationaldag9.jpg\",\"datePublished\":\"2025-04-14T15:36:36+00:00\",\"dateModified\":\"2026-04-29T15:30:22+00:00\",\"description\":\"Utforska en v\u00e4rld av lyx och f\u00f6rfining med Bottenviken L\u00f6jrom \u2013 en delikatess som erbjuder en unik smakupplevelse. L\u00e4r dig mer om denna exklusiva r\u00e5vara.\",\"breadcrumb\":{\"@id\":\"https:\/\/qualitycaviar.se\/es\/produkt\/blinier\/#breadcrumb\"},\"inLanguage\":\"es\",\"potentialAction\":[{\"@type\":\"ReadAction\",\"target\":[\"https:\/\/qualitycaviar.se\/es\/produkt\/blinier\/\"]}]},{\"@type\":\"ImageObject\",\"inLanguage\":\"es\",\"@id\":\"https:\/\/qualitycaviar.se\/es\/produkt\/blinier\/#primaryimage\",\"url\":\"https:\/\/qualitycaviar.se\/wp-content\/uploads\/2024\/03\/qc-nationaldag9.jpg\",\"contentUrl\":\"https:\/\/qualitycaviar.se\/wp-content\/uploads\/2024\/03\/qc-nationaldag9.jpg\",\"width\":1366,\"height\":2048},{\"@type\":\"BreadcrumbList\",\"@id\":\"https:\/\/qualitycaviar.se\/es\/produkt\/blinier\/#breadcrumb\",\"itemListElement\":[{\"@type\":\"ListItem\",\"position\":1,\"name\":\"Home\",\"item\":\"https:\/\/qualitycaviar.se\/es\/\"},{\"@type\":\"ListItem\",\"position\":2,\"name\":\"Butik\",\"item\":\"https:\/\/qualitycaviar.se\/butik\/\"},{\"@type\":\"ListItem\",\"position\":3,\"name\":\"Franska Blinier 16-pack\"}]},{\"@type\":\"WebSite\",\"@id\":\"https:\/\/qualitycaviar.se\/es\/#website\",\"url\":\"https:\/\/qualitycaviar.se\/es\/\",\"name\":\"Quality Caviar Stockholm\",\"description\":\"F\u00f6rs\u00e4ljning av exklusiv caviar och l\u00f6jrom\",\"publisher\":{\"@id\":\"https:\/\/qualitycaviar.se\/es\/#organization\"},\"potentialAction\":[{\"@type\":\"SearchAction\",\"target\":{\"@type\":\"EntryPoint\",\"urlTemplate\":\"https:\/\/qualitycaviar.se\/es\/?s={search_term_string}\"},\"query-input\":{\"@type\":\"PropertyValueSpecification\",\"valueRequired\":true,\"valueName\":\"search_term_string\"}}],\"inLanguage\":\"es\"},{\"@type\":\"Organization\",\"@id\":\"https:\/\/qualitycaviar.se\/es\/#organization\",\"name\":\"Quality Caviar Stockholm\",\"url\":\"https:\/\/qualitycaviar.se\/es\/\",\"logo\":{\"@type\":\"ImageObject\",\"inLanguage\":\"es\",\"@id\":\"https:\/\/qualitycaviar.se\/es\/#\/schema\/logo\/image\/\",\"url\":\"https:\/\/qualitycaviar.se\/wp-content\/uploads\/2022\/11\/share-image-quality-caviar.jpg\",\"contentUrl\":\"https:\/\/qualitycaviar.se\/wp-content\/uploads\/2022\/11\/share-image-quality-caviar.jpg\",\"width\":1200,\"height\":628,\"caption\":\"Quality Caviar Stockholm\"},\"image\":{\"@id\":\"https:\/\/qualitycaviar.se\/es\/#\/schema\/logo\/image\/\"},\"sameAs\":[\"https:\/\/www.facebook.com\/Qualitycaviar\",\"https:\/\/www.instagram.com\/qualitycaviar\/\",\"https:\/\/www.youtube.com\/channel\/UCHVx2eVxrDBJctB-8Ph782A\"]}]}<\/script>\n<!-- \/ Yoast SEO plugin. -->","yoast_head_json":{"title":"Franska Blinier 16-pack - Quality Caviar Stockholm","description":"Utforska en v\u00e4rld av lyx och f\u00f6rfining med Bottenviken L\u00f6jrom \u2013 en delikatess som erbjuder en unik smakupplevelse. L\u00e4r dig mer om denna exklusiva r\u00e5vara.","robots":{"index":"index","follow":"follow","max-snippet":"max-snippet:-1","max-image-preview":"max-image-preview:large","max-video-preview":"max-video-preview:-1"},"canonical":"https:\/\/qualitycaviar.se\/es\/produkt\/blinier\/","og_locale":"es_ES","og_type":"article","og_title":"Franska Blinier 16-pack - Quality Caviar Stockholm","og_description":"Utforska en v\u00e4rld av lyx och f\u00f6rfining med Bottenviken L\u00f6jrom \u2013 en delikatess som erbjuder en unik smakupplevelse. L\u00e4r dig mer om denna exklusiva r\u00e5vara.","og_url":"https:\/\/qualitycaviar.se\/es\/produkt\/blinier\/","og_site_name":"Quality Caviar Stockholm","article_publisher":"https:\/\/www.facebook.com\/Qualitycaviar","article_modified_time":"2026-04-29T15:30:22+00:00","og_image":[{"width":1366,"height":2048,"url":"https:\/\/qualitycaviar.se\/wp-content\/uploads\/2024\/03\/qc-nationaldag9.jpg","type":"image\/jpeg"}],"twitter_card":"summary_large_image","twitter_misc":{"Tiempo de lectura":"1 minuto"},"schema":{"@context":"https:\/\/schema.org","@graph":[{"@type":"WebPage","@id":"https:\/\/qualitycaviar.se\/es\/produkt\/blinier\/","url":"https:\/\/qualitycaviar.se\/es\/produkt\/blinier\/","name":"Franska Blinier 16-pack - Quality Caviar Stockholm","isPartOf":{"@id":"https:\/\/qualitycaviar.se\/es\/#website"},"primaryImageOfPage":{"@id":"https:\/\/qualitycaviar.se\/es\/produkt\/blinier\/#primaryimage"},"image":{"@id":"https:\/\/qualitycaviar.se\/es\/produkt\/blinier\/#primaryimage"},"thumbnailUrl":"https:\/\/qualitycaviar.se\/wp-content\/uploads\/2024\/03\/qc-nationaldag9.jpg","datePublished":"2025-04-14T15:36:36+00:00","dateModified":"2026-04-29T15:30:22+00:00","description":"Utforska en v\u00e4rld av lyx och f\u00f6rfining med Bottenviken L\u00f6jrom \u2013 en delikatess som erbjuder en unik smakupplevelse. L\u00e4r dig mer om denna exklusiva r\u00e5vara.","breadcrumb":{"@id":"https:\/\/qualitycaviar.se\/es\/produkt\/blinier\/#breadcrumb"},"inLanguage":"es","potentialAction":[{"@type":"ReadAction","target":["https:\/\/qualitycaviar.se\/es\/produkt\/blinier\/"]}]},{"@type":"ImageObject","inLanguage":"es","@id":"https:\/\/qualitycaviar.se\/es\/produkt\/blinier\/#primaryimage","url":"https:\/\/qualitycaviar.se\/wp-content\/uploads\/2024\/03\/qc-nationaldag9.jpg","contentUrl":"https:\/\/qualitycaviar.se\/wp-content\/uploads\/2024\/03\/qc-nationaldag9.jpg","width":1366,"height":2048},{"@type":"BreadcrumbList","@id":"https:\/\/qualitycaviar.se\/es\/produkt\/blinier\/#breadcrumb","itemListElement":[{"@type":"ListItem","position":1,"name":"Home","item":"https:\/\/qualitycaviar.se\/es\/"},{"@type":"ListItem","position":2,"name":"Butik","item":"https:\/\/qualitycaviar.se\/butik\/"},{"@type":"ListItem","position":3,"name":"Franska Blinier 16-pack"}]},{"@type":"WebSite","@id":"https:\/\/qualitycaviar.se\/es\/#website","url":"https:\/\/qualitycaviar.se\/es\/","name":"Quality Caviar Stockholm","description":"F\u00f6rs\u00e4ljning av exklusiv caviar och l\u00f6jrom","publisher":{"@id":"https:\/\/qualitycaviar.se\/es\/#organization"},"potentialAction":[{"@type":"SearchAction","target":{"@type":"EntryPoint","urlTemplate":"https:\/\/qualitycaviar.se\/es\/?s={search_term_string}"},"query-input":{"@type":"PropertyValueSpecification","valueRequired":true,"valueName":"search_term_string"}}],"inLanguage":"es"},{"@type":"Organization","@id":"https:\/\/qualitycaviar.se\/es\/#organization","name":"Quality Caviar Stockholm","url":"https:\/\/qualitycaviar.se\/es\/","logo":{"@type":"ImageObject","inLanguage":"es","@id":"https:\/\/qualitycaviar.se\/es\/#\/schema\/logo\/image\/","url":"https:\/\/qualitycaviar.se\/wp-content\/uploads\/2022\/11\/share-image-quality-caviar.jpg","contentUrl":"https:\/\/qualitycaviar.se\/wp-content\/uploads\/2022\/11\/share-image-quality-caviar.jpg","width":1200,"height":628,"caption":"Quality Caviar Stockholm"},"image":{"@id":"https:\/\/qualitycaviar.se\/es\/#\/schema\/logo\/image\/"},"sameAs":["https:\/\/www.facebook.com\/Qualitycaviar","https:\/\/www.instagram.com\/qualitycaviar\/","https:\/\/www.youtube.com\/channel\/UCHVx2eVxrDBJctB-8Ph782A"]}]}},"_links":{"self":[{"href":"https:\/\/qualitycaviar.se\/es\/wp-json\/wp\/v2\/product\/3351","targetHints":{"allow":["GET"]}}],"collection":[{"href":"https:\/\/qualitycaviar.se\/es\/wp-json\/wp\/v2\/product"}],"about":[{"href":"https:\/\/qualitycaviar.se\/es\/wp-json\/wp\/v2\/types\/product"}],"replies":[{"embeddable":true,"href":"https:\/\/qualitycaviar.se\/es\/wp-json\/wp\/v2\/comments?post=3351"}],"wp:featuredmedia":[{"embeddable":true,"href":"https:\/\/qualitycaviar.se\/es\/wp-json\/wp\/v2\/media\/2628"}],"wp:attachment":[{"href":"https:\/\/qualitycaviar.se\/es\/wp-json\/wp\/v2\/media?parent=3351"}],"wp:term":[{"taxonomy":"product_brand","embeddable":true,"href":"https:\/\/qualitycaviar.se\/es\/wp-json\/wp\/v2\/product_brand?post=3351"},{"taxonomy":"product_cat","embeddable":true,"href":"https:\/\/qualitycaviar.se\/es\/wp-json\/wp\/v2\/product_cat?post=3351"},{"taxonomy":"product_tag","embeddable":true,"href":"https:\/\/qualitycaviar.se\/es\/wp-json\/wp\/v2\/product_tag?post=3351"}],"curies":[{"name":"wp","href":"https:\/\/api.w.org\/{rel}","templated":true}]}}