{"id":2805,"date":"2024-04-10T14:08:25","date_gmt":"2024-04-10T12:08:25","guid":{"rendered":"https:\/\/qualitycaviar.se\/?post_type=product&#038;p=2805"},"modified":"2026-03-14T15:44:12","modified_gmt":"2026-03-14T14:44:12","slug":"caviaroppnare","status":"publish","type":"product","link":"https:\/\/qualitycaviar.se\/fi\/produkt\/caviaroppnare\/","title":{"rendered":"Caviar\u00f6ppnare"},"content":{"rendered":"","protected":false},"excerpt":{"rendered":"<p>N\u00e4r vi \u00e5terf\u00f6rpackar v\u00e5r caviar, anv\u00e4nder vi en specialmaskin som anv\u00e4nder vakuumtryck f\u00f6r att f\u00f6rsegla burkarna. Med v\u00e5r specialdesignade caviar\u00f6ppnare kan du enkelt och skonsamt \u00f6ppna burken utan att riskera skador. Dessutom utg\u00f6r detta tillbeh\u00f6r en elegant och funktionell detalj i din caviarkollektion. Med v\u00e5rt unika verktyg kan du njuta av din caviar med stil och utan besv\u00e4r.<\/p>\n","protected":false},"featured_media":2807,"comment_status":"closed","ping_status":"closed","template":"","meta":{"_acf_changed":false},"product_brand":[],"product_cat":[59,58],"product_tag":[],"class_list":{"0":"post-2805","1":"product","2":"type-product","3":"status-publish","4":"has-post-thumbnail","6":"product_cat-caviar","7":"product_cat-tillbehor","9":"first","10":"instock","11":"taxable","12":"shipping-taxable","13":"purchasable","14":"product-type-simple"},"acf":[],"yoast_head":"<!-- This site is optimized with the Yoast SEO plugin v25.3 - https:\/\/yoast.com\/wordpress\/plugins\/seo\/ -->\n<title>Caviar\u00f6ppnare - Quality Caviar Stockholm<\/title>\n<meta name=\"description\" content=\"En caviar burk\u00f6ppnare \u00e4r en exklusiv och praktisk k\u00f6ksredskap designad f\u00f6r att \u00f6ppna och servera burkar med delikat kaviar p\u00e5 ett elegant s\u00e4tt.\" \/>\n<meta name=\"robots\" content=\"index, follow, max-snippet:-1, max-image-preview:large, max-video-preview:-1\" \/>\n<link rel=\"canonical\" href=\"https:\/\/qualitycaviar.se\/fi\/produkt\/caviaroppnare\/\" \/>\n<meta property=\"og:locale\" content=\"fi_FI\" \/>\n<meta property=\"og:type\" content=\"article\" \/>\n<meta property=\"og:title\" content=\"Caviar\u00f6ppnare - Quality Caviar Stockholm\" \/>\n<meta property=\"og:description\" content=\"En caviar burk\u00f6ppnare \u00e4r en exklusiv och praktisk k\u00f6ksredskap designad f\u00f6r att \u00f6ppna och servera burkar med delikat kaviar p\u00e5 ett elegant s\u00e4tt.\" \/>\n<meta property=\"og:url\" content=\"https:\/\/qualitycaviar.se\/fi\/produkt\/caviaroppnare\/\" \/>\n<meta property=\"og:site_name\" content=\"Quality Caviar Stockholm\" \/>\n<meta property=\"article:publisher\" content=\"https:\/\/www.facebook.com\/Qualitycaviar\" \/>\n<meta property=\"article:modified_time\" content=\"2026-03-14T14:44:12+00:00\" \/>\n<meta property=\"og:image\" content=\"https:\/\/qualitycaviar.se\/wp-content\/uploads\/2024\/04\/oppnare-guld-scaled.jpg\" \/>\n\t<meta property=\"og:image:width\" content=\"2560\" \/>\n\t<meta property=\"og:image:height\" content=\"1708\" \/>\n\t<meta property=\"og:image:type\" content=\"image\/jpeg\" \/>\n<meta name=\"twitter:card\" content=\"summary_large_image\" \/>\n<meta name=\"twitter:label1\" content=\"Arvioitu lukuaika\" \/>\n\t<meta name=\"twitter:data1\" content=\"1 minuutti\" \/>\n<script type=\"application\/ld+json\" class=\"yoast-schema-graph\">{\"@context\":\"https:\/\/schema.org\",\"@graph\":[{\"@type\":\"WebPage\",\"@id\":\"https:\/\/qualitycaviar.se\/fi\/produkt\/caviaroppnare\/\",\"url\":\"https:\/\/qualitycaviar.se\/fi\/produkt\/caviaroppnare\/\",\"name\":\"Caviar\u00f6ppnare - Quality Caviar Stockholm\",\"isPartOf\":{\"@id\":\"https:\/\/qualitycaviar.se\/fi\/#website\"},\"primaryImageOfPage\":{\"@id\":\"https:\/\/qualitycaviar.se\/fi\/produkt\/caviaroppnare\/#primaryimage\"},\"image\":{\"@id\":\"https:\/\/qualitycaviar.se\/fi\/produkt\/caviaroppnare\/#primaryimage\"},\"thumbnailUrl\":\"https:\/\/qualitycaviar.se\/wp-content\/uploads\/2024\/04\/oppnare-guld-scaled.jpg\",\"datePublished\":\"2024-04-10T12:08:25+00:00\",\"dateModified\":\"2026-03-14T14:44:12+00:00\",\"description\":\"En caviar burk\u00f6ppnare \u00e4r en exklusiv och praktisk k\u00f6ksredskap designad f\u00f6r att \u00f6ppna och servera burkar med delikat kaviar p\u00e5 ett elegant s\u00e4tt.\",\"breadcrumb\":{\"@id\":\"https:\/\/qualitycaviar.se\/fi\/produkt\/caviaroppnare\/#breadcrumb\"},\"inLanguage\":\"fi\",\"potentialAction\":[{\"@type\":\"ReadAction\",\"target\":[\"https:\/\/qualitycaviar.se\/fi\/produkt\/caviaroppnare\/\"]}]},{\"@type\":\"ImageObject\",\"inLanguage\":\"fi\",\"@id\":\"https:\/\/qualitycaviar.se\/fi\/produkt\/caviaroppnare\/#primaryimage\",\"url\":\"https:\/\/qualitycaviar.se\/wp-content\/uploads\/2024\/04\/oppnare-guld-scaled.jpg\",\"contentUrl\":\"https:\/\/qualitycaviar.se\/wp-content\/uploads\/2024\/04\/oppnare-guld-scaled.jpg\",\"width\":2560,\"height\":1708},{\"@type\":\"BreadcrumbList\",\"@id\":\"https:\/\/qualitycaviar.se\/fi\/produkt\/caviaroppnare\/#breadcrumb\",\"itemListElement\":[{\"@type\":\"ListItem\",\"position\":1,\"name\":\"Home\",\"item\":\"https:\/\/qualitycaviar.se\/fi\/\"},{\"@type\":\"ListItem\",\"position\":2,\"name\":\"Butik\",\"item\":\"https:\/\/qualitycaviar.se\/butik\/\"},{\"@type\":\"ListItem\",\"position\":3,\"name\":\"Caviar\u00f6ppnare\"}]},{\"@type\":\"WebSite\",\"@id\":\"https:\/\/qualitycaviar.se\/fi\/#website\",\"url\":\"https:\/\/qualitycaviar.se\/fi\/\",\"name\":\"Quality Caviar Stockholm\",\"description\":\"F\u00f6rs\u00e4ljning av exklusiv caviar och l\u00f6jrom\",\"publisher\":{\"@id\":\"https:\/\/qualitycaviar.se\/fi\/#organization\"},\"potentialAction\":[{\"@type\":\"SearchAction\",\"target\":{\"@type\":\"EntryPoint\",\"urlTemplate\":\"https:\/\/qualitycaviar.se\/fi\/?s={search_term_string}\"},\"query-input\":{\"@type\":\"PropertyValueSpecification\",\"valueRequired\":true,\"valueName\":\"search_term_string\"}}],\"inLanguage\":\"fi\"},{\"@type\":\"Organization\",\"@id\":\"https:\/\/qualitycaviar.se\/fi\/#organization\",\"name\":\"Quality Caviar Stockholm\",\"url\":\"https:\/\/qualitycaviar.se\/fi\/\",\"logo\":{\"@type\":\"ImageObject\",\"inLanguage\":\"fi\",\"@id\":\"https:\/\/qualitycaviar.se\/fi\/#\/schema\/logo\/image\/\",\"url\":\"https:\/\/qualitycaviar.se\/wp-content\/uploads\/2022\/11\/share-image-quality-caviar.jpg\",\"contentUrl\":\"https:\/\/qualitycaviar.se\/wp-content\/uploads\/2022\/11\/share-image-quality-caviar.jpg\",\"width\":1200,\"height\":628,\"caption\":\"Quality Caviar Stockholm\"},\"image\":{\"@id\":\"https:\/\/qualitycaviar.se\/fi\/#\/schema\/logo\/image\/\"},\"sameAs\":[\"https:\/\/www.facebook.com\/Qualitycaviar\",\"https:\/\/www.instagram.com\/qualitycaviar\/\",\"https:\/\/www.youtube.com\/channel\/UCHVx2eVxrDBJctB-8Ph782A\"]}]}<\/script>\n<!-- \/ Yoast SEO plugin. -->","yoast_head_json":{"title":"Caviar\u00f6ppnare - Quality Caviar Stockholm","description":"En caviar burk\u00f6ppnare \u00e4r en exklusiv och praktisk k\u00f6ksredskap designad f\u00f6r att \u00f6ppna och servera burkar med delikat kaviar p\u00e5 ett elegant s\u00e4tt.","robots":{"index":"index","follow":"follow","max-snippet":"max-snippet:-1","max-image-preview":"max-image-preview:large","max-video-preview":"max-video-preview:-1"},"canonical":"https:\/\/qualitycaviar.se\/fi\/produkt\/caviaroppnare\/","og_locale":"fi_FI","og_type":"article","og_title":"Caviar\u00f6ppnare - Quality Caviar Stockholm","og_description":"En caviar burk\u00f6ppnare \u00e4r en exklusiv och praktisk k\u00f6ksredskap designad f\u00f6r att \u00f6ppna och servera burkar med delikat kaviar p\u00e5 ett elegant s\u00e4tt.","og_url":"https:\/\/qualitycaviar.se\/fi\/produkt\/caviaroppnare\/","og_site_name":"Quality Caviar Stockholm","article_publisher":"https:\/\/www.facebook.com\/Qualitycaviar","article_modified_time":"2026-03-14T14:44:12+00:00","og_image":[{"width":2560,"height":1708,"url":"https:\/\/qualitycaviar.se\/wp-content\/uploads\/2024\/04\/oppnare-guld-scaled.jpg","type":"image\/jpeg"}],"twitter_card":"summary_large_image","twitter_misc":{"Arvioitu lukuaika":"1 minuutti"},"schema":{"@context":"https:\/\/schema.org","@graph":[{"@type":"WebPage","@id":"https:\/\/qualitycaviar.se\/fi\/produkt\/caviaroppnare\/","url":"https:\/\/qualitycaviar.se\/fi\/produkt\/caviaroppnare\/","name":"Caviar\u00f6ppnare - Quality Caviar Stockholm","isPartOf":{"@id":"https:\/\/qualitycaviar.se\/fi\/#website"},"primaryImageOfPage":{"@id":"https:\/\/qualitycaviar.se\/fi\/produkt\/caviaroppnare\/#primaryimage"},"image":{"@id":"https:\/\/qualitycaviar.se\/fi\/produkt\/caviaroppnare\/#primaryimage"},"thumbnailUrl":"https:\/\/qualitycaviar.se\/wp-content\/uploads\/2024\/04\/oppnare-guld-scaled.jpg","datePublished":"2024-04-10T12:08:25+00:00","dateModified":"2026-03-14T14:44:12+00:00","description":"En caviar burk\u00f6ppnare \u00e4r en exklusiv och praktisk k\u00f6ksredskap designad f\u00f6r att \u00f6ppna och servera burkar med delikat kaviar p\u00e5 ett elegant s\u00e4tt.","breadcrumb":{"@id":"https:\/\/qualitycaviar.se\/fi\/produkt\/caviaroppnare\/#breadcrumb"},"inLanguage":"fi","potentialAction":[{"@type":"ReadAction","target":["https:\/\/qualitycaviar.se\/fi\/produkt\/caviaroppnare\/"]}]},{"@type":"ImageObject","inLanguage":"fi","@id":"https:\/\/qualitycaviar.se\/fi\/produkt\/caviaroppnare\/#primaryimage","url":"https:\/\/qualitycaviar.se\/wp-content\/uploads\/2024\/04\/oppnare-guld-scaled.jpg","contentUrl":"https:\/\/qualitycaviar.se\/wp-content\/uploads\/2024\/04\/oppnare-guld-scaled.jpg","width":2560,"height":1708},{"@type":"BreadcrumbList","@id":"https:\/\/qualitycaviar.se\/fi\/produkt\/caviaroppnare\/#breadcrumb","itemListElement":[{"@type":"ListItem","position":1,"name":"Home","item":"https:\/\/qualitycaviar.se\/fi\/"},{"@type":"ListItem","position":2,"name":"Butik","item":"https:\/\/qualitycaviar.se\/butik\/"},{"@type":"ListItem","position":3,"name":"Caviar\u00f6ppnare"}]},{"@type":"WebSite","@id":"https:\/\/qualitycaviar.se\/fi\/#website","url":"https:\/\/qualitycaviar.se\/fi\/","name":"Quality Caviar Stockholm","description":"F\u00f6rs\u00e4ljning av exklusiv caviar och l\u00f6jrom","publisher":{"@id":"https:\/\/qualitycaviar.se\/fi\/#organization"},"potentialAction":[{"@type":"SearchAction","target":{"@type":"EntryPoint","urlTemplate":"https:\/\/qualitycaviar.se\/fi\/?s={search_term_string}"},"query-input":{"@type":"PropertyValueSpecification","valueRequired":true,"valueName":"search_term_string"}}],"inLanguage":"fi"},{"@type":"Organization","@id":"https:\/\/qualitycaviar.se\/fi\/#organization","name":"Quality Caviar Stockholm","url":"https:\/\/qualitycaviar.se\/fi\/","logo":{"@type":"ImageObject","inLanguage":"fi","@id":"https:\/\/qualitycaviar.se\/fi\/#\/schema\/logo\/image\/","url":"https:\/\/qualitycaviar.se\/wp-content\/uploads\/2022\/11\/share-image-quality-caviar.jpg","contentUrl":"https:\/\/qualitycaviar.se\/wp-content\/uploads\/2022\/11\/share-image-quality-caviar.jpg","width":1200,"height":628,"caption":"Quality Caviar Stockholm"},"image":{"@id":"https:\/\/qualitycaviar.se\/fi\/#\/schema\/logo\/image\/"},"sameAs":["https:\/\/www.facebook.com\/Qualitycaviar","https:\/\/www.instagram.com\/qualitycaviar\/","https:\/\/www.youtube.com\/channel\/UCHVx2eVxrDBJctB-8Ph782A"]}]}},"_links":{"self":[{"href":"https:\/\/qualitycaviar.se\/fi\/wp-json\/wp\/v2\/product\/2805","targetHints":{"allow":["GET"]}}],"collection":[{"href":"https:\/\/qualitycaviar.se\/fi\/wp-json\/wp\/v2\/product"}],"about":[{"href":"https:\/\/qualitycaviar.se\/fi\/wp-json\/wp\/v2\/types\/product"}],"replies":[{"embeddable":true,"href":"https:\/\/qualitycaviar.se\/fi\/wp-json\/wp\/v2\/comments?post=2805"}],"wp:featuredmedia":[{"embeddable":true,"href":"https:\/\/qualitycaviar.se\/fi\/wp-json\/wp\/v2\/media\/2807"}],"wp:attachment":[{"href":"https:\/\/qualitycaviar.se\/fi\/wp-json\/wp\/v2\/media?parent=2805"}],"wp:term":[{"taxonomy":"product_brand","embeddable":true,"href":"https:\/\/qualitycaviar.se\/fi\/wp-json\/wp\/v2\/product_brand?post=2805"},{"taxonomy":"product_cat","embeddable":true,"href":"https:\/\/qualitycaviar.se\/fi\/wp-json\/wp\/v2\/product_cat?post=2805"},{"taxonomy":"product_tag","embeddable":true,"href":"https:\/\/qualitycaviar.se\/fi\/wp-json\/wp\/v2\/product_tag?post=2805"}],"curies":[{"name":"wp","href":"https:\/\/api.w.org\/{rel}","templated":true}]}}